{"id":5634,"date":"2025-06-16T12:30:28","date_gmt":"2025-06-16T12:30:28","guid":{"rendered":"https:\/\/cnr.v2.mila.celaneo.com\/?page_id=5634"},"modified":"2026-03-20T20:02:06","modified_gmt":"2026-03-20T20:02:06","slug":"abonnements","status":"publish","type":"page","link":"https:\/\/cnr.v2.mila.celaneo.com\/en\/abonnements","title":{"rendered":"Subscriptions"},"content":{"rendered":"<div class=\"wp-block-uagb-container banner uagb-block-4546ffde alignfull uagb-is-root-container\"><div class=\"uagb-container-inner-blocks-wrap\">\n<div class=\"wp-block-group is-layout-constrained wp-container-core-group-is-layout-3e13aa90 wp-block-group-is-layout-constrained\" style=\"margin-top:0px;margin-bottom:0px;padding-top:0px;padding-right:0;padding-bottom:0px;padding-left:0\"><!-- Pas une page WordPress -->\n\n\n\n<div class=\"wp-block-uagb-advanced-heading uagb-block-e4123a3c banner_title\"><h2 class=\"uagb-heading-text\">Subscriptions<\/h2><\/div>\n<\/div>\n<\/div><\/div>\n\n\n\n<div class=\"wp-block-uagb-container uagb-layout-flex uagb-block-04995a01 alignfull uagb-is-root-container\"><div class=\"uagb-container-inner-blocks-wrap\">\n<div class=\"text-attention indicateur\">\n  <img decoding=\"async\"  loading=\"lazy\" src=\"https:\/\/cnr.v2.mila.celaneo.com\/app\/uploads\/2025\/07\/material-symbols_warning.svg\" alt=\"Ic\u00f4ne Attention\" class=\"warning-icon\">\n  <div>This indicator is only available if you are a subscriber.<\/div>\n<\/div>\n<style>\n.indicateur{\n  display: none;\n  flex-direction: row;\n}\n<\/style>\n<script>\nconst params = new URLSearchParams(window.location.search);\nconst subscription = params.get('subscription'); \/\/ renvoie \"false\" ou null\nconst indicator = document.querySelector('.indicateur');\n\/\/ Afficher si subscription = \"false\"\nif (subscription === \"false\") {\n  indicator.style.display = \"flex\";\n}\n<\/script>\n\n\n\n<h2 class=\"wp-block-heading has-text-align-center oxygen margin-bottom-24{ has-black-color has-text-color has-link-color wp-elements-4777521ca437f914852cc943cecf1751\" style=\"font-size:clamp(16.293px, 1.018rem + ((1vw - 3.2px) * 0.68), 25px);font-style:normal;font-weight:700\">Subscriptions<\/h2>\n\n\n\n<p class=\"has-text-align-center plus-jakarta-sans card-mobile-width margin_bottom_8 has-text-color has-link-color wp-elements-48ce50591fe2a9b584715e57a5d3ea7e\" style=\"color:#697281;font-size:clamp(14px, 0.875rem + ((1vw - 3.2px) * 0.156), 16px);font-style:normal;font-weight:300\">Several subscription options are available. Subscribe now and access all the advanced features of the site. Some publications are only available for a fee outside of the subscription.<\/p>\n\n\n\n<p class=\"has-text-align-center plus-jakarta-sans card-mobile-width no_margin_bottom has-text-color has-link-color wp-elements-add968553af62b8a777d1765cf3e3837\" style=\"color:#697281;font-size:clamp(14px, 0.875rem + ((1vw - 3.2px) * 0.156), 16px);font-style:normal;font-weight:300\">You can purchase them individually. Find the publications <a href=\"\/en\/publications\/\"><strong class=\"txt_blue\">here<\/strong><\/a>.<\/p>\n<\/div><\/div>\n\n\n\n<div class=\"wp-block-uagb-container uagb-layout-flex uagb-block-686b80ba alignfull uagb-is-root-container\"><div class=\"uagb-container-inner-blocks-wrap\">\n<div class=\"wp-block-columns is-layout-flex wp-container-core-columns-is-layout-cb4c6f82 wp-block-columns-is-layout-flex\" style=\"margin-top:0px;margin-bottom:20px\">\n<div class=\"wp-block-column card-height card-mobile-width is-layout-flow wp-block-column-is-layout-flow\">\n<div class=\"wp-block-uagb-container card-height uagb-block-a5e7b88a alignfull uagb-is-root-container\"><div class=\"uagb-container-inner-blocks-wrap\">\n<div class=\"wp-block-uagb-container uagb-block-6246d966 alignfull uagb-is-root-container\"><div class=\"uagb-container-inner-blocks-wrap\">\n<h2 class=\"wp-block-heading has-text-color has-link-color wp-elements-62e9b4fbbcd5ce255da9cdd5a0c77390\" style=\"color:#003f74;margin-top:0;margin-right:0;margin-bottom:0;margin-left:0;font-size:14px\">Free access<\/h2>\n\n\n\n<h2 class=\"wp-block-heading plus-jakarta-sans has-text-color has-link-color wp-elements-b2478ccf81cb0dd863c5d2e1bba0876a\" style=\"color:#003f74;margin-top:0;margin-right:0;margin-bottom:0;margin-left:0;font-size:clamp(17.371px, 1.086rem + ((1vw - 3.2px) * 0.752), 27px);\">0 \u20ac<span style=\"font-size: 12px; font-weight: normal;\">\/ month<\/span><\/h2>\n\n\n<style>.wp-block-kadence-spacer.kt-block-spacer-5634_2e322d-71 .kt-block-spacer{height:6px;}.wp-block-kadence-spacer.kt-block-spacer-5634_2e322d-71 .kt-divider{border-top-width:2px;border-top-color:#003f74;width:100%;border-top-style:solid;}<\/style>\n<div class=\"wp-block-kadence-spacer aligncenter kt-block-spacer-5634_2e322d-71\"><div class=\"kt-block-spacer kt-block-spacer-halign-center\"><hr class=\"kt-divider\"\/><\/div><\/div>\n\n\n\n<div class=\"wp-block-uagb-icon-list uagb-block-93afb5d8 icon_list\"><div class=\"uagb-icon-list__wrap\">\n<div class=\"wp-block-uagb-icon-list-child uagb-block-8685d6d1\"><span class=\"uagb-icon-list__source-wrap\"><img decoding=\"async\" class=\"uagb-icon-list__source-image\"  loading=\"lazy\" src=\"https:\/\/cnr.v2.mila.celaneo.com\/app\/uploads\/2025\/06\/check-green.png\" width=\"18\" height=\"18\" alt=\"\"\/><\/span><span class=\"uagb-icon-list__label\">Publications (excluding paid access)<\/span><\/div>\n\n\n\n<div class=\"wp-block-uagb-icon-list-child uagb-block-123e82d1\"><span class=\"uagb-icon-list__source-wrap\"><img decoding=\"async\" class=\"uagb-icon-list__source-image\"  loading=\"lazy\" src=\"https:\/\/cnr.v2.mila.celaneo.com\/app\/uploads\/2025\/06\/check-green.png\" width=\"18\" height=\"18\" alt=\"\"\/><\/span><span class=\"uagb-icon-list__label\">Indicators (without advanced features)<\/span><\/div>\n\n\n\n<div class=\"wp-block-uagb-icon-list-child uagb-block-e4867b84\"><span class=\"uagb-icon-list__source-wrap\"><img decoding=\"async\" class=\"uagb-icon-list__source-image\"  loading=\"lazy\" src=\"https:\/\/cnr.v2.mila.celaneo.com\/app\/uploads\/2025\/06\/check-green.png\" width=\"18\" height=\"18\" alt=\"\"\/><\/span><span class=\"uagb-icon-list__label\">Price indexing tool (limited version)<\/span><\/div>\n\n\n\n<div class=\"wp-block-uagb-icon-list-child uagb-block-6892bef8\"><span class=\"uagb-icon-list__source-wrap\"><img decoding=\"async\" class=\"uagb-icon-list__source-image\"  loading=\"lazy\" src=\"https:\/\/cnr.v2.mila.celaneo.com\/app\/uploads\/2025\/06\/check-green.png\" width=\"18\" height=\"18\" alt=\"\"\/><\/span><span class=\"uagb-icon-list__label\">Indicator comparison tool (limited version)<\/span><\/div>\n\n\n\n<div class=\"wp-block-uagb-icon-list-child uagb-block-ee869bd5\"><span class=\"uagb-icon-list__source-wrap\"><img decoding=\"async\" class=\"uagb-icon-list__source-image\"  loading=\"lazy\" src=\"https:\/\/cnr.v2.mila.celaneo.com\/app\/uploads\/2025\/06\/check-green.png\" width=\"18\" height=\"18\" alt=\"\"\/><\/span><span class=\"uagb-icon-list__label\">Monthly newsletter<\/span><\/div>\n\n\n\n<div class=\"wp-block-uagb-icon-list-child uagb-block-dfbb0970\"><span class=\"uagb-icon-list__source-wrap\"><img decoding=\"async\" class=\"uagb-icon-list__source-image\"  loading=\"lazy\" src=\"https:\/\/cnr.v2.mila.celaneo.com\/app\/uploads\/2025\/06\/check-green.png\" width=\"18\" height=\"18\" alt=\"\"\/><\/span><span class=\"uagb-icon-list__label\">Entreprises participant aux enqu\u00eates du CNR<\/span><\/div>\n<\/div><\/div>\n<\/div><\/div>\n\n\n\n<div class=\"wp-block-uagb-container uagb-block-c1362175 alignfull uagb-is-root-container\"><div class=\"uagb-container-inner-blocks-wrap\">\n<div class=\"wp-block-uagb-buttons uagb-buttons__outer-wrap uagb-btn__default-btn uagb-btn-tablet__default-btn uagb-btn-mobile__default-btn uagb-block-b86883ec\"><div class=\"uagb-buttons__wrap uagb-buttons-layout-wrap\">\n<div class=\"wp-block-uagb-buttons-child uagb-buttons__outer-wrap uagb-block-e9c8688f wp-block-button\"><div class=\"uagb-button__wrapper\"><a class=\"uagb-buttons-repeater wp-block-button__link\" aria-label=\"\" href=\"\/en\/inscription\/\" rel=\"follow noopener\" target=\"_self\" role=\"button\"><div class=\"uagb-button__link\">I am registering<\/div><\/a><\/div><\/div>\n<\/div><\/div>\n<\/div><\/div>\n<\/div><\/div>\n<\/div>\n\n\n\n<div class=\"wp-block-column card-height card-mobile-width is-layout-flow wp-block-column-is-layout-flow\">\n<div class=\"wp-block-uagb-container card-height uagb-block-766f5226 alignfull uagb-is-root-container\"><div class=\"uagb-container-inner-blocks-wrap\">\n<div class=\"wp-block-uagb-container uagb-block-ccc75a19 alignfull uagb-is-root-container\"><div class=\"uagb-container-inner-blocks-wrap\">\n<h2 class=\"wp-block-heading has-text-color has-link-color wp-elements-dbfe32d51fa5be5f16c213f50df93339\" style=\"color:#003f74;margin-top:0;margin-right:0;margin-bottom:0;margin-left:0;font-size:14px\">Subscriber access<\/h2>\n\n\n\n<div class=\"wp-block-group prix-ht-auto is-layout-constrained wp-block-group-is-layout-constrained\">\n<h2 class=\"wp-block-heading plus-jakarta-sans has-text-color has-link-color wp-elements-8f7b899e4a617604d121c759229e5c49\" style=\"color:#003f74;margin-top:0;margin-right:0;margin-bottom:0;margin-left:0;font-size:clamp(17.371px, 1.086rem + ((1vw - 3.2px) * 0.752), 27px);\">145\u20ac HT<span style=\"font-size: 12px; font-weight: normal;\">per year<\/span><\/h2>\n\n\n\n<p class=\"plus-jakarta-sans has-text-color has-link-color wp-elements-12ed4774eb8b29f309d824c30a29261d\" style=\"color:#003f74;font-size:14px\"><span style=\"font-weight: 300;font-size: 12px;\">or<\/span> <strong class=\"prix-ttc-auto\">174\u20ac TTC *<\/strong><\/p>\n<\/div>\n\n\n<style>.wp-block-kadence-spacer.kt-block-spacer-5634_f84219-7d .kt-block-spacer{height:6px;}.wp-block-kadence-spacer.kt-block-spacer-5634_f84219-7d .kt-divider{border-top-width:2px;border-top-color:#003f74;width:100%;border-top-style:solid;}<\/style>\n<div class=\"wp-block-kadence-spacer aligncenter kt-block-spacer-5634_f84219-7d\"><div class=\"kt-block-spacer kt-block-spacer-halign-center\"><hr class=\"kt-divider\"\/><\/div><\/div>\n\n\n\n<div class=\"wp-block-uagb-icon-list uagb-block-d3a756dd icon_list\"><div class=\"uagb-icon-list__wrap\">\n<div class=\"wp-block-uagb-icon-list-child uagb-block-4093ee6c\"><span class=\"uagb-icon-list__source-wrap\"><img decoding=\"async\" class=\"uagb-icon-list__source-image\"  loading=\"lazy\" src=\"https:\/\/cnr.v2.mila.celaneo.com\/app\/uploads\/2025\/06\/check-green.png\" width=\"18\" height=\"18\" alt=\"\"\/><\/span><span class=\"uagb-icon-list__label\">Price indexing tool (full version)<\/span><\/div>\n\n\n\n<div class=\"wp-block-uagb-icon-list-child uagb-block-5b7f61ea\"><span class=\"uagb-icon-list__source-wrap\"><img decoding=\"async\" class=\"uagb-icon-list__source-image\"  loading=\"lazy\" src=\"https:\/\/cnr.v2.mila.celaneo.com\/app\/uploads\/2025\/06\/check-green.png\" width=\"18\" height=\"18\" alt=\"\"\/><\/span><span class=\"uagb-icon-list__label\">Email and SMS alerts (updates on indicators and publications)<\/span><\/div>\n\n\n\n<div class=\"wp-block-uagb-icon-list-child uagb-block-8d845064\"><span class=\"uagb-icon-list__source-wrap\"><img decoding=\"async\" class=\"uagb-icon-list__source-image\"  loading=\"lazy\" src=\"https:\/\/cnr.v2.mila.celaneo.com\/app\/uploads\/2025\/06\/check-green.png\" width=\"18\" height=\"18\" alt=\"\"\/><\/span><span class=\"uagb-icon-list__label\">Indicators with advanced features (graph display, change of base 100)<\/span><\/div>\n\n\n\n<div class=\"wp-block-uagb-icon-list-child uagb-block-0c417cf2\"><span class=\"uagb-icon-list__source-wrap\"><img decoding=\"async\" class=\"uagb-icon-list__source-image\"  loading=\"lazy\" src=\"https:\/\/cnr.v2.mila.celaneo.com\/app\/uploads\/2025\/06\/check-green.png\" width=\"18\" height=\"18\" alt=\"\"\/><\/span><span class=\"uagb-icon-list__label\">Prix cuve moyenne mensuelle<\/span><\/div>\n\n\n\n<div class=\"wp-block-uagb-icon-list-child uagb-block-c368e653\"><span class=\"uagb-icon-list__source-wrap\"><img decoding=\"async\" class=\"uagb-icon-list__source-image\"  loading=\"lazy\" src=\"https:\/\/cnr.v2.mila.celaneo.com\/app\/uploads\/2025\/06\/check-green.png\" width=\"18\" height=\"18\" alt=\"\"\/><\/span><span class=\"uagb-icon-list__label\">Indicator comparison tool (full version)<\/span><\/div>\n<\/div><\/div>\n<\/div><\/div>\n\n\n\n<div class=\"wp-block-uagb-container uagb-block-8316adc4 alignfull uagb-is-root-container\"><div class=\"uagb-container-inner-blocks-wrap\">\n<div class=\"wp-block-uagb-buttons uagb-buttons__outer-wrap uagb-btn__default-btn uagb-btn-tablet__default-btn uagb-btn-mobile__default-btn uagb-block-e0bae828\"><div class=\"uagb-buttons__wrap uagb-buttons-layout-wrap\">\n<div class=\"wp-block-uagb-buttons-child uagb-buttons__outer-wrap uagb-block-b92673f5 wp-block-button\"><div class=\"uagb-button__wrapper\"><a class=\"uagb-buttons-repeater wp-block-button__link\" aria-label=\"\" href=\"\/en\/abonnement-annuel\/\" rel=\"follow noopener\" target=\"_self\" role=\"button\"><div class=\"uagb-button__link\">I subscribe<\/div><\/a><\/div><\/div>\n<\/div><\/div>\n<\/div><\/div>\n<\/div><\/div>\n<\/div>\n\n\n\n<div class=\"wp-block-column card-height card-mobile-width is-layout-flow wp-block-column-is-layout-flow\">\n<div class=\"wp-block-uagb-container card-height uagb-block-e7bd1499 alignfull uagb-is-root-container\"><div class=\"uagb-container-inner-blocks-wrap\">\n<div class=\"wp-block-uagb-container uagb-block-915b67a3 alignfull uagb-is-root-container\"><div class=\"uagb-container-inner-blocks-wrap\">\n<h2 class=\"wp-block-heading has-text-color has-link-color wp-elements-de632d60a2a0f63dc8d34126e049bb50\" style=\"color:#003f74;margin-top:0;margin-right:0;margin-bottom:0;margin-left:0;font-size:14px\">API service<\/h2>\n\n\n\n<div class=\"wp-block-group prix-ht-auto is-layout-constrained wp-block-group-is-layout-constrained\">\n<h2 class=\"wp-block-heading plus-jakarta-sans has-text-color has-link-color wp-elements-9ae9a081a4cf500430a67be82cdb4218\" style=\"color:#003f74;margin-top:0;margin-right:0;margin-bottom:0;margin-left:0;font-size:clamp(17.371px, 1.086rem + ((1vw - 3.2px) * 0.752), 27px);\">2,40\u20ac HT<span style=\"font-size: 12px; font-weight: normal;\">\/ month per indicator<\/span><\/h2>\n\n\n\n<p class=\"plus-jakarta-sans has-text-color has-link-color wp-elements-b45a38f1071d17abd667c60dffd94cd2\" style=\"color:#003f74;font-size:14px\"><span style=\"font-weight: 300;font-size: 12px;\">or<\/span> <strong class=\"prix-ttc-auto\">2.4\u20ac TTC *<\/strong><\/p>\n<\/div>\n\n\n<style>.wp-block-kadence-spacer.kt-block-spacer-5634_987783-e3 .kt-block-spacer{height:6px;}.wp-block-kadence-spacer.kt-block-spacer-5634_987783-e3 .kt-divider{border-top-width:2px;border-top-color:#003f74;width:100%;border-top-style:solid;}<\/style>\n<div class=\"wp-block-kadence-spacer aligncenter kt-block-spacer-5634_987783-e3\"><div class=\"kt-block-spacer kt-block-spacer-halign-center\"><hr class=\"kt-divider\"\/><\/div><\/div>\n\n\n\n<div class=\"wp-block-uagb-icon-list uagb-block-fbc89ac4 icon_list\"><div class=\"uagb-icon-list__wrap\">\n<div class=\"wp-block-uagb-icon-list-child uagb-block-28ab7fb8\"><a target=\"_self\" aria-label=\"Please note that this service does not provide access to CNR tools (indexation simulator, indicator comparison, etc.).\u00a0\" rel=\"noopener noreferrer\" href=\"#\"> <\/a><span class=\"uagb-icon-list__source-wrap\"><img decoding=\"async\" class=\"uagb-icon-list__source-image\"  loading=\"lazy\" src=\"https:\/\/cnr.v2.mila.celaneo.com\/app\/uploads\/2025\/06\/warning-icon.png\" width=\"18\" height=\"17\" alt=\"\"\/><\/span><span class=\"uagb-icon-list__label\">Please note that this service does not provide access to CNR tools (indexation simulator, indicator comparison, etc.).\u00a0<\/span><\/div>\n\n\n\n<div class=\"wp-block-uagb-icon-list-child uagb-block-f54439dc\"><span class=\"uagb-icon-list__source-wrap\"><img decoding=\"async\" class=\"uagb-icon-list__source-image\"  loading=\"lazy\" src=\"https:\/\/cnr.v2.mila.celaneo.com\/app\/uploads\/2025\/06\/check-green.png\" width=\"18\" height=\"18\" alt=\"\"\/><\/span><span class=\"uagb-icon-list__label\">Service enabling your IT systems (TMS, invoicing software, etc.) to access CNR data directly via a specific protocol.\u00a0<\/span><\/div>\n\n\n\n<div class=\"wp-block-uagb-icon-list-child uagb-block-40866a06\"><span class=\"uagb-icon-list__source-wrap\"><img decoding=\"async\" class=\"uagb-icon-list__source-image\"  loading=\"lazy\" src=\"https:\/\/cnr.v2.mila.celaneo.com\/app\/uploads\/2025\/06\/check-green.png\" width=\"18\" height=\"18\" alt=\"\"\/><\/span><span class=\"uagb-icon-list__label\">Payment made by direct debit only.<\/span><\/div>\n\n\n\n<div class=\"wp-block-uagb-icon-list-child uagb-block-30db3302\"><span class=\"uagb-icon-list__source-wrap\"><img decoding=\"async\" class=\"uagb-icon-list__source-image\"  loading=\"lazy\" src=\"https:\/\/cnr.v2.mila.celaneo.com\/app\/uploads\/2025\/06\/check-green.png\" width=\"18\" height=\"18\" alt=\"\"\/><\/span><span class=\"uagb-icon-list__label\">Billing is done on a calendar month basis.<\/span><\/div>\n<\/div><\/div>\n<\/div><\/div>\n\n\n\n<div class=\"wp-block-uagb-container uagb-block-d2c7ee5a alignfull uagb-is-root-container\"><div class=\"uagb-container-inner-blocks-wrap\">\n<div class=\"wp-block-uagb-buttons uagb-buttons__outer-wrap uagb-btn__default-btn uagb-btn-tablet__default-btn uagb-btn-mobile__default-btn uagb-block-d03ff206\"><div class=\"uagb-buttons__wrap uagb-buttons-layout-wrap\">\n<div class=\"wp-block-uagb-buttons-child uagb-buttons__outer-wrap uagb-block-7fbacc91 wp-block-button\"><div class=\"uagb-button__wrapper\"><a class=\"uagb-buttons-repeater wp-block-button__link\" aria-label=\"\" href=\"\/en\/abonnement-api\/\" rel=\"follow noopener\" target=\"_self\" role=\"button\"><div class=\"uagb-button__link\">I order my API<\/div><\/a><\/div><\/div>\n<\/div><\/div>\n<\/div><\/div>\n<\/div><\/div>\n<\/div>\n<\/div>\n\n\n\n<p class=\"has-text-align-center plus-jakarta-sans card-mobile-width margin_bottom_8 has-text-color has-link-color wp-elements-4febcc6f16f8592191e3b3288a600527\" style=\"color:#697281;font-size:clamp(14px, 0.875rem + ((1vw - 3.2px) * 0.156), 16px);font-style:normal;font-weight:400\"><span style=\"color:#00247D;\"><strong>*<\/strong><\/span> TVA au taux en vigueur selon la l\u00e9gislation fran\u00e7aise<\/p>\n<\/div><\/div>\n\n\n\n<p><\/p>","protected":false},"excerpt":{"rendered":"<p>Abonnements Cet indicateur n\u2019est disponible que si vous \u00eates abonn\u00e9. Abonnements Plusieurs abonnements sont propos\u00e9es. Abonnez-vous d\u00e8s maintenant et acc\u00e9der \u00e0 toutes les fonctionnalit\u00e9s avanc\u00e9es du site. Certaines publications sont en acc\u00e8s payant hors abonnement. Vous pouvez en acheter \u00e0 l&#8217;unit\u00e9. Retrouvez&nbsp;les publications ici. Acc\u00e8s gratuit 0 \u20ac\/ mois Acc\u00e8s abonn\u00e9 145\u20ac HT\/an soit 174\u20ac [&hellip;]<\/p>","protected":false},"author":2,"featured_media":0,"parent":0,"menu_order":0,"comment_status":"closed","ping_status":"closed","template":"","meta":{"_uag_custom_page_level_css":"","footnotes":""},"class_list":["post-5634","page","type-page","status-publish","hentry"],"blocksy_meta":{"has_hero_section":"disabled","styles_descriptor":{"styles":{"desktop":"","tablet":"","mobile":""},"google_fonts":[],"version":6}},"uagb_featured_image_src":{"full":false,"thumbnail":false,"medium":false,"medium_large":false,"large":false,"1536x1536":false,"2048x2048":false,"trp-custom-language-flag":false},"uagb_author_info":{"display_name":"celaneo","author_link":"https:\/\/cnr.v2.mila.celaneo.com\/en\/archives\/author\/celaneo"},"uagb_comment_info":0,"uagb_excerpt":"Abonnements Cet indicateur n\u2019est disponible que si vous \u00eates abonn\u00e9. Abonnements Plusieurs abonnements sont propos\u00e9es. Abonnez-vous d\u00e8s maintenant et acc\u00e9der \u00e0 toutes les fonctionnalit\u00e9s avanc\u00e9es du site. Certaines publications sont en acc\u00e8s payant hors abonnement. Vous pouvez en acheter \u00e0 l&#8217;unit\u00e9. Retrouvez&nbsp;les publications ici. Acc\u00e8s gratuit 0 \u20ac\/ mois Acc\u00e8s abonn\u00e9 145\u20ac HT\/an soit 174\u20ac&hellip;","_links":{"self":[{"href":"https:\/\/cnr.v2.mila.celaneo.com\/en\/wp-json\/wp\/v2\/pages\/5634","targetHints":{"allow":["GET"]}}],"collection":[{"href":"https:\/\/cnr.v2.mila.celaneo.com\/en\/wp-json\/wp\/v2\/pages"}],"about":[{"href":"https:\/\/cnr.v2.mila.celaneo.com\/en\/wp-json\/wp\/v2\/types\/page"}],"author":[{"embeddable":true,"href":"https:\/\/cnr.v2.mila.celaneo.com\/en\/wp-json\/wp\/v2\/users\/2"}],"replies":[{"embeddable":true,"href":"https:\/\/cnr.v2.mila.celaneo.com\/en\/wp-json\/wp\/v2\/comments?post=5634"}],"version-history":[{"count":176,"href":"https:\/\/cnr.v2.mila.celaneo.com\/en\/wp-json\/wp\/v2\/pages\/5634\/revisions"}],"predecessor-version":[{"id":23832,"href":"https:\/\/cnr.v2.mila.celaneo.com\/en\/wp-json\/wp\/v2\/pages\/5634\/revisions\/23832"}],"wp:attachment":[{"href":"https:\/\/cnr.v2.mila.celaneo.com\/en\/wp-json\/wp\/v2\/media?parent=5634"}],"curies":[{"name":"wp","href":"https:\/\/api.w.org\/{rel}","templated":true}]}}