{"id":23428,"date":"2026-01-23T14:37:07","date_gmt":"2026-01-23T14:37:07","guid":{"rendered":"https:\/\/cnr.v2.mila.celaneo.com\/calculateur-mix-energetique"},"modified":"2026-03-23T11:01:29","modified_gmt":"2026-03-23T11:01:29","slug":"calculateur-mix-energetique","status":"publish","type":"page","link":"https:\/\/cnr.v2.mila.celaneo.com\/en\/calculateur-mix-energetique","title":{"rendered":"Energy mix calculator"},"content":{"rendered":"<div class=\"wp-block-uagb-container banner uagb-block-4546ffde alignfull uagb-is-root-container\"><div class=\"uagb-container-inner-blocks-wrap\">\n<div class=\"wp-block-group is-layout-constrained wp-container-core-group-is-layout-3e13aa90 wp-block-group-is-layout-constrained\" style=\"margin-top:0px;margin-bottom:0px;padding-top:0px;padding-right:0;padding-bottom:0px;padding-left:0\"><!-- Pas une page WordPress -->\n\n\n\n<div class=\"wp-block-uagb-advanced-heading uagb-block-e4123a3c banner_title\"><h2 class=\"uagb-heading-text\">Energy mix calculator<\/h2><\/div>\n<\/div>\n<\/div><\/div>\n\n\n\n<div class=\"cnr-calculator-root\">\n<div class=\"cnr-app\">\n\n    \n<div class=\"cnr-app-header-title\">\n    <p>\n        Calculez l&#039;\u00e9volution de votre mix \u00e9nerg\u00e9tique sur la p\u00e9riode de votre choix.<br \/>\n        Si vous n&#039;\u00eates pas encore abonn\u00e9, pour d\u00e9bloquer les limitations,        <a href=\"\/en\/abonnements\/\" class=\"cnr-subscription-link\">subscribe<\/a>.\n    <\/p>\n    <button class=\"cnr-btn-saved-formula\" id=\"load-config\" type=\"button\">\n        Use a saved formula    <\/button>\n<\/div>    \n<div class=\"cnr-period-section\">\n\n    <!-- \u2500\u2500 Toggle Date \/ Moyenne \u2500\u2500 -->\n    <div class=\"cnr-period-toggle\">\n        <h2 class=\"cnr-section-title\">P\u00e9riode d&#039;indexation<\/h2>\n\n        <div class=\"cnr-toggle-switch\" role=\"group\" aria-label=\"Mode de calcul\">\n            <button\n                type=\"button\"\n                class=\"cnr-toggle-btn cnr-toggle-btn--left cnr-toggle-btn--active\"\n                data-mode=\"date\"\n                aria-pressed=\"true\"\n                id=\"cnr-date-btn\"\n            >Date<\/button>\n\n            <button\n                type=\"button\"\n                class=\"cnr-toggle-btn cnr-toggle-btn-right cnr-toggle-btn--right\"\n                data-mode=\"average\"\n                aria-pressed=\"false\"\n                 disabled='disabled'                                    style=\"cursor:not-allowed; opacity:0.5;\"\n                            >\n                <span>Average<\/span>\n                                    <img decoding=\"async\"  loading=\"lazy\" src=\"https:\/\/cnr.v2.mila.celaneo.com\/app\/plugins\/cnr-calculateur\/templates\/assets\/images\/lock-icon.svg\" id=\"cnr-lock-icon\" alt=\"\" \/>\n                            <\/button>\n        <\/div>\n    <\/div>\n\n    <!-- \u2500\u2500 Mode Date \u2500\u2500 -->\n    <div class=\"cnr-period-date\">\n            <div class=\"cnr-period-row\">\n        <div class=\"cnr-period-field\">\n            <label class=\"cnr-period-from\">from<\/label>\n                    <div class=\"cnr-mdp-wrap\">\n            \n            <input\n                type=\"text\"\n                class=\"cnr-mdp\"\n                name=\"date_from\"\n                value=\"02\/2026\"\n                readonly\n data-month=\"2\"\n                data-year=\"2026\"\n                data-lang=\"fr\"\n                id=\"cnr-period-from\"            \/>\n        <\/div>\n                <\/div>\n        <div class=\"cnr-period-field\">\n            <label class=\"cnr-period-to\">to<\/label>\n                    <div class=\"cnr-mdp-wrap\">\n            \n            <input\n                type=\"text\"\n                class=\"cnr-mdp\"\n                name=\"date_to\"\n                value=\"03\/2026\"\n                readonly\n data-month=\"3\"\n                data-year=\"2026\"\n                data-lang=\"fr\"\n                id=\"cnr-period-to\"            \/>\n        <\/div>\n                <\/div>\n    <\/div>\n        <\/div>\n\n    <!-- \u2500\u2500 Mode Moyenne \u2500\u2500 -->\n    <div class=\"cnr-period-average\" style=\"display:none;\">\n        <p>p\u00e9riode initiale<\/p>\n            <div class=\"cnr-period-row\">\n        <div class=\"cnr-period-field\">\n            <label class=\"cnr-period-from\">from<\/label>\n                    <div class=\"cnr-mdp-wrap\">\n            \n            <input\n                type=\"text\"\n                class=\"cnr-mdp\"\n                name=\"date_from\"\n                value=\"02\/2026\"\n                readonly\n data-month=\"2\"\n                data-year=\"2026\"\n                data-lang=\"fr\"\n                id=\"cnr-end-period-from\"            \/>\n        <\/div>\n                <\/div>\n        <div class=\"cnr-period-field\">\n            <label class=\"cnr-period-to\">to<\/label>\n                    <div class=\"cnr-mdp-wrap\">\n            \n            <input\n                type=\"text\"\n                class=\"cnr-mdp\"\n                name=\"date_to\"\n                value=\"03\/2026\"\n                readonly\n data-month=\"3\"\n                data-year=\"2026\"\n                data-lang=\"fr\"\n                id=\"cnr-end-period-to\"            \/>\n        <\/div>\n                <\/div>\n    <\/div>\n    \n        <p class=\"comparaison-text\">compared with the previous period<\/p>\n\n            <div class=\"cnr-period-row\">\n        <div class=\"cnr-period-field\">\n            <label class=\"cnr-period-from\">from<\/label>\n                    <div class=\"cnr-mdp-wrap\">\n            \n            <input\n                type=\"text\"\n                class=\"cnr-mdp\"\n                name=\"date_from\"\n                value=\"02\/2025\"\n                readonly\n data-month=\"2\"\n                data-year=\"2025\"\n                data-lang=\"fr\"\n                id=\"cnr-start-period-from\"            \/>\n        <\/div>\n                <\/div>\n        <div class=\"cnr-period-field\">\n            <label class=\"cnr-period-to\">to<\/label>\n                    <div class=\"cnr-mdp-wrap\">\n            \n            <input\n                type=\"text\"\n                class=\"cnr-mdp\"\n                name=\"date_to\"\n                value=\"03\/2025\"\n                readonly\n data-month=\"3\"\n                data-year=\"2025\"\n                data-lang=\"fr\"\n                id=\"cnr-start-period-to\"            \/>\n        <\/div>\n                <\/div>\n    <\/div>\n        <\/div>\n\n<\/div>    \n<div class=\"cnr-indicators-section\">\n    <h2 class=\"cnr-section-title\">\n        Indicateurs et poids dans le mix \u00e9nergies    <\/h2>\n\n    <div class=\"cnr-cards-list\" id=\"cnr-cards-list\"><\/div>\n\n    <button class=\"cnr-add-indicator-btn\" id=\"cnr-add-btn\" type=\"button\">\n        <span class=\"cnr-add-icon\">\n            <img decoding=\"async\"  loading=\"lazy\" src=\"https:\/\/cnr.v2.mila.celaneo.com\/app\/plugins\/cnr-calculateur\/templates\/assets\/images\/plus-icon.svg\" alt=\"\" \/>\n        <\/span>\n        Add another indicator    <\/button>\n\n    <button class=\"cnr-add-custom-indicator cnr-add-indicator-btn\" type=\"button\">\n        <span class=\"cnr-add-icon\">\n            <img decoding=\"async\"  loading=\"lazy\" src=\"https:\/\/cnr.v2.mila.celaneo.com\/app\/plugins\/cnr-calculateur\/templates\/assets\/images\/plus-gray-icon.svg\" alt=\"\" \/>\n        <\/span>\n        Add a custom indicator    <\/button>\n<\/div>    \n<div class=\"cnr-footer-bar\">\n    <div id=\"cnr-total-warning\" style=\"display: flex;\"><\/div>\n        <div class=\"cnr-total-block-right\">\n            <div class=\"cnr-total-block\">\n                <span class=\"cnr-total-label\">\n                    Total poids de l&#039;\u00e9nergie dans le mix                <\/span>\n                <span class=\"cnr-total-value\" id=\"cnr-total-value\">0,0 %<\/span>\n            <\/div>\n\n                    <button class=\"cnr-save-btn cnr-btn--primary\" type=\"button\">\n                <div style=\"display: flex;\">\n                    <img decoding=\"async\"  loading=\"lazy\" src=\"https:\/\/cnr.v2.mila.celaneo.com\/app\/plugins\/cnr-calculateur\/templates\/assets\/images\/save-icon.svg\" alt=\"\" \/>\n                    <img decoding=\"async\" id=\"cnr-lock-icon\"  loading=\"lazy\" src=\"https:\/\/cnr.v2.mila.celaneo.com\/app\/plugins\/cnr-calculateur\/templates\/assets\/images\/lock-white-icon.svg\" alt=\"\" \/>\n                <\/div>\n                <span>Save these settings<\/span>\n            <\/button>\n            <\/div>\n<\/div>    \n<h2 class=\"cnr-section-title\">Result<\/h2>\n<div class=\"cnr-result-block\">\n    \n    <!-- \u00c9volution du mix -->\n    <div class=\"cnr-result-evolution\">\n        <h3 class=\"cnr-result-title\">\u00c9volution du mix \u00e9nergies<\/h3>\n        <div class=\"cnr-result-variation\">\n            <span id=\"cnr-total-mix-evolution\" class=\"cnr-total-mix-evolution\"><\/span>\n        <\/div>\n    <\/div>\n\n    <!-- Formule de calcul -->\n    <div class=\"cnr-result-period\">\n        <p class=\"cnr-result-title\">P\u00e9riode s\u00e9lectionn\u00e9e<\/p>\n        <div id=\"cnr-mix-formula\"><\/div>\n        <div>\n            <span id=\"cnr-result-period\"><\/span>\n        <\/div>\n    <\/div>\n\n    <div class=\"cnr-result-divider\"><\/div>\n\n    <!-- Actions -->\n    <div class=\"cnr-result-actions\">\n        <button class=\"cnr-result-action-btn\" id=\"cnr-pdf-btn\" type=\"button\">\n            <img decoding=\"async\"  loading=\"lazy\" src=\"https:\/\/cnr.v2.mila.celaneo.com\/app\/plugins\/cnr-calculateur\/templates\/assets\/images\/pdf-icon.svg\" class=\"cnr-result-action-icon\" alt=\"\" \/>\n            <span class=\"cnr-result-pdf-action-label\">Download in PDF<\/span>\n        <\/button>\n        <button class=\"cnr-result-action-btn\" id=\"cnr-email-btn\" type=\"button\">\n            <img decoding=\"async\"  loading=\"lazy\" src=\"https:\/\/cnr.v2.mila.celaneo.com\/app\/plugins\/cnr-calculateur\/templates\/assets\/images\/envelope-icon.svg\" class=\"cnr-result-action-icon\" alt=\"\" \/>\n            <span class=\"cnr-result-mail-action-label\">Send the result by email<\/span>\n        <\/button>\n    <\/div>\n<\/div>\n\n<\/div><!-- \/.cnr-app -->\n\n    <!-- <div class=\"cnr-footer-actions\">\n        <button class=\"cnr-btn cnr-btn--outline\" id=\"cnr-pdf-btn\" type=\"button\">\n            \ud83d\udcc4 Exporter PDF        <\/button>\n        <button class=\"cnr-btn cnr-btn--outline\" id=\"cnr-email-btn\" type=\"button\">\n            \u2709\ufe0f Envoyer par email        <\/button>\n        <button class=\"cnr-btn cnr-btn--primary\" id=\"cnr-save-btn\" type=\"button\">\n            \ud83d\udcbe Sauvegarder        <\/button>\n    <\/div> -->\n\n<!-- \u2500\u2500 Modal indicators \u2500\u2500\u2500\u2500\u2500\u2500\u2500\u2500\u2500\u2500\u2500\u2500\u2500\u2500\u2500\u2500\u2500\u2500\u2500\u2500\u2500\u2500\u2500\u2500\u2500\u2500\u2500\u2500\u2500\u2500\u2500\u2500\u2500 -->\n<div class=\"cnr-calculator-modal-overlay\" id=\"cnr-modal-indicators-overlay\" style=\"display:none;\" aria-hidden=\"true\">\n    <div class=\"cnr-calculator-modal\" style=\"max-width: 600px;overflow:hidden;\" id=\"cnr-modal-indicators-dialog\" role=\"dialog\" aria-modal=\"true\">\n        <button class=\"cnr-calculator-modal-close\" id=\"cnr-modal-indicators-close\" type=\"button\">\n            <img decoding=\"async\"  loading=\"lazy\" src=\"https:\/\/cnr.v2.mila.celaneo.com\/app\/plugins\/cnr-calculateur\/templates\/assets\/images\/close-icon.svg\" alt=\"\" \/>\n        <\/button>\n        <h3 class=\"cnr-calculator-modal-title\" id=\"cnr-modal-indicators-title\"><\/h3>\n        <div class=\"cnr-calculator-modal-content\" id=\"cnr-modal-indicators-content\" style=\"max-height:60vh;\"><\/div>\n    <\/div>\n<\/div>\n\n<!-- \u2500\u2500 Modal graphique \u2500\u2500\u2500\u2500\u2500\u2500\u2500\u2500\u2500\u2500\u2500\u2500\u2500\u2500\u2500\u2500\u2500\u2500\u2500\u2500\u2500\u2500\u2500\u2500\u2500\u2500\u2500\u2500\u2500\u2500\u2500\u2500\u2500 -->\n<div class=\"cnr-calculator-modal-overlay\" id=\"cnr-modal-chart-overlay\" style=\"display:none;\" aria-hidden=\"true\">\n    <div class=\"cnr-calculator-modal\" id=\"cnr-modal-chart-dialog\" role=\"dialog\" aria-modal=\"true\">\n        <button class=\"cnr-calculator-modal-close\" id=\"cnr-modal-chart-close\" type=\"button\">\n            <img decoding=\"async\"  loading=\"lazy\" src=\"https:\/\/cnr.v2.mila.celaneo.com\/app\/plugins\/cnr-calculateur\/templates\/assets\/images\/close-icon.svg\" alt=\"\" \/>\n        <\/button>\n        <h3 class=\"cnr-calculator-modal-title\" id=\"cnr-modal-chart-title\"><\/h3>\n        <div class=\"cnr-chart-container\" id=\"cnr-chart-root\"><\/div>\n    <\/div>\n<\/div>\n\n<!-- \u2500\u2500 Modal ponderation \u2500\u2500\u2500\u2500\u2500\u2500\u2500\u2500\u2500\u2500\u2500\u2500\u2500\u2500\u2500\u2500\u2500\u2500\u2500\u2500\u2500\u2500\u2500\u2500\u2500\u2500\u2500\u2500\u2500\u2500\u2500\u2500\u2500 -->\n<div class=\"cnr-calculator-modal-overlay\" id=\"cnr-modal-ponderation-overlay\" style=\"display:none;\" aria-hidden=\"true\">\n    <div class=\"cnr-calculator-modal\" id=\"cnr-modal-ponderation-dialog\" role=\"dialog\" aria-modal=\"true\">\n        <button class=\"cnr-calculator-modal-close\" id=\"cnr-modal-ponderation-close\" type=\"button\">\n            <img decoding=\"async\"  loading=\"lazy\" src=\"https:\/\/cnr.v2.mila.celaneo.com\/app\/plugins\/cnr-calculateur\/templates\/assets\/images\/close-icon.svg\" alt=\"\" \/>\n        <\/button>\n        <h3 class=\"cnr-calculator-modal-title\" id=\"cnr-modal-ponderation-title\"><\/h3>\n        <div id=\"cnr-modal-ponderation-content\"><\/div>\n        <div class=\"modal-footer\">\n            <button id=\"cnr-save-ponderation\" class=\"cnr-modal-btn\" style=\"display:flex;justify-content: end;\">Validate<\/button>\n        <\/div>\n    <\/div>\n<\/div>\n\n<!-- \u2500\u2500 Modal configuration \u2500\u2500\u2500\u2500\u2500\u2500\u2500\u2500\u2500\u2500\u2500\u2500\u2500\u2500\u2500\u2500\u2500\u2500\u2500\u2500\u2500\u2500\u2500\u2500\u2500\u2500\u2500\u2500\u2500\u2500\u2500\u2500\u2500 -->\n<div class=\"cnr-calculator-modal-overlay\" id=\"cnr-modal-config-overlay\" style=\"display:none;\" aria-hidden=\"true\">\n    <div class=\"cnr-calculator-modal\" id=\"cnr-modal-config-dialog\" role=\"dialog\" aria-modal=\"true\" style=\"width: 500px;\">\n        <button class=\"cnr-calculator-modal-close\" id=\"cnr-modal-config-close\" type=\"button\">\n            <img decoding=\"async\"  loading=\"lazy\" src=\"https:\/\/cnr.v2.mila.celaneo.com\/app\/plugins\/cnr-calculateur\/templates\/assets\/images\/close-icon.svg\" alt=\"\" \/>\n        <\/button>\n        <h3 class=\"cnr-calculator-modal-title\" id=\"cnr-modal-config-title\" style=\"padding-top: 15px;\"><\/h3>\n        <p id=\"cnr-modal-config-subcontent\"><\/p>\n        <div id=\"cnr-modal-config-content\"><\/div>\n    <\/div>\n<\/div>\n\n<!-- \u2500\u2500 Modal save configuration \u2500\u2500\u2500\u2500\u2500\u2500\u2500\u2500\u2500\u2500\u2500\u2500\u2500\u2500\u2500\u2500\u2500\u2500\u2500\u2500\u2500\u2500\u2500\u2500\u2500\u2500\u2500\u2500\u2500\u2500\u2500\u2500\u2500 -->\n<div class=\"cnr-calculator-modal-overlay\" id=\"cnr-modal-save-config-overlay\" style=\"display:none;\" aria-hidden=\"true\">\n    <div class=\"cnr-calculator-modal cnr-modal-save-config\" id=\"cnr-modal-save-config-dialog\" role=\"dialog\" aria-modal=\"true\" style=\"max-width: 500px;\">\n        <button class=\"cnr-calculator-modal-close\" id=\"cnr-modal-save-config-close\" type=\"button\">\n            <img decoding=\"async\"  loading=\"lazy\" src=\"https:\/\/cnr.v2.mila.celaneo.com\/app\/plugins\/cnr-calculateur\/templates\/assets\/images\/close-icon.svg\" alt=\"\" \/>\n        <\/button>\n        <h3 class=\"cnr-calculator-modal-title\" id=\"cnr-modal-save-config-title\"><\/h3>\n        <div style=\"display:flex; flex-direction:column; gap:12px; width:100%;\" class=\"modal-save-config\">\n            <label for=\"cnr-config-name\">Saisir le nom de cette sauvegarde <span style=\"color:red;\">*<\/span><\/label>\n            <input id=\"cnr-config-name\" type=\"text\" name=\"name\" style=\"width:100%; padding:8px 12px; border:1px solid #ccc; border-radius:6px;\" \/>\n            <button class=\"cnr-save-btn cnr-btn--primary\" style=\"align-self:center; padding:6px 16px; font-size:13px;margin-top: 15px;\" id=\"cnr-modal-btn--confirm\">Validate<\/button>\n        <\/div>\n    <\/div>\n<\/div>\n\n<!-- \u2500\u2500 Modal abonnement \u2500\u2500\u2500\u2500\u2500\u2500\u2500\u2500\u2500\u2500\u2500\u2500\u2500\u2500\u2500\u2500\u2500\u2500\u2500\u2500\u2500\u2500\u2500\u2500\u2500\u2500\u2500\u2500\u2500\u2500\u2500\u2500\u2500 -->\n<div class=\"cnr-calculator-modal-overlay\" id=\"cnr-calculator-subscription-overlay\" style=\"display:none;\" aria-hidden=\"true\">\n    <div class=\"cnr-calculator-modal\" style=\"max-width:600px;\" role=\"dialog\" aria-modal=\"true\">\n        <button class=\"cnr-calculator-modal-close\" id=\"cnr-calculator-subscription-close\" type=\"button\"\n                aria-label=\"Close\">\n            <img decoding=\"async\"  loading=\"lazy\" src=\"https:\/\/cnr.v2.mila.celaneo.com\/app\/plugins\/cnr-calculateur\/templates\/assets\/images\/close-icon.svg\" alt=\"\" \/>\n        <\/button>\n        <div class=\"cnr-subscription-modal-content\">\n            <div style=\"padding-top: 25px;\">\n                <img decoding=\"async\"  loading=\"lazy\" src=\"https:\/\/cnr.v2.mila.celaneo.com\/app\/plugins\/cnr-calculateur\/templates\/assets\/images\/warning-icon.svg\" alt=\"\" \/>\n            <\/div>\n            <div>\n                <h3 class=\"cnr-subscription-modal-title\">\n                    Abonnez-vous pour b\u00e9n\u00e9ficier de toutes les fonctionnalit\u00e9s du simulateur                <\/h3>\n                <p class=\"cnr-subscription-modal-text\">\n                    Abonnez vous et profitez des nouvelles fonctionnalit\u00e9s : Et bien plus encore ! Vous profitez d\u2019un acc\u00e8s total aux autres fonctionnalit\u00e9s et informations du site .                <\/p>\n                <p class=\"cnr-subscription-modal-text\">\n                    Et bien plus encore ! Vous profitez d\u2019un acc\u00e8s total aux autres fonctionnalit\u00e9s et informations du site .                <\/p>\n                <div class=\"cnr-modal-subscription-btn-wrapper\">\n                    <a href=\"\/en\/abonnements\/\" class=\"cnr-modal-subscription-btn\">\n                        Je m&#039;abonne                    <\/a>\n                <\/div>\n            <\/div>\n        <\/div>\n    <\/div>\n<\/div>\n\n\n<!-- \u2500\u2500 Modal email \u2500\u2500\u2500\u2500\u2500\u2500\u2500\u2500\u2500\u2500\u2500\u2500\u2500\u2500\u2500\u2500\u2500\u2500\u2500 -->\n<div class=\"cnr-calculator-modal-overlay\" id=\"cnr-modal-email-overlay\" style=\"display:none;\" aria-hidden=\"true\">\n    <div class=\"cnr-calculator-modal cnr-calculator-modal--sm\" role=\"dialog\" aria-modal=\"true\" style=\"overflow:hidden;\">\n        <button class=\"cnr-calculator-modal-close\"  id=\"cnr-modal-email-close\" type=\"button\"\n            aria-label=\"Close\">\n            <img decoding=\"async\"  loading=\"lazy\" src=\"https:\/\/cnr.v2.mila.celaneo.com\/app\/plugins\/cnr-calculateur\/templates\/assets\/images\/close-icon.svg\" alt=\"\" \/>\n        <\/button>\n        <h3 class=\"cnr-modal-email-title\" id=\"cnr-modal-email-title\" style=\"padding-top: 15px;\">\n            \u2709\ufe0f Envoyer par email        <\/h3>\n        <div class=\"cnr-modal-email-content\" id=\"cnr-modal-email-content\" style=\"overflow-y: scroll;height: 530px;\">\n                <form class=\"cnr-email-form\" id=\"cnr-email-form\" method=\"POST\" action=\"\" data-trp-original-action=\"\">\n        <div class=\"cnr-field-group\">\n            <label class=\"cnr-label\" for=\"cnr-sender-email\">Votre email*<\/label>\n            <input class=\"cnr-input\" type=\"email\" id=\"cnr-sender-email\" name=\"sender_email\"\n                placeholder=\"votre.email@exemple.com\" required \/>\n        <\/div>\n        <div class=\"cnr-field-row\">\n            <div class=\"cnr-field-group\" style=\"margin-bottom:0\">\n                <label class=\"cnr-label\" for=\"cnr-firstname\">Votre pr\u00e9nom*<\/label>\n                <input class=\"cnr-input\" type=\"text\" id=\"cnr-firstname\" name=\"firstname\" placeholder=\"Jean\" required \/>\n            <\/div>\n            <div class=\"cnr-field-group\" style=\"margin-bottom:0\">\n                <label class=\"cnr-label\" for=\"cnr-lastname\">Votre nom*<\/label>\n                <input class=\"cnr-input\" type=\"text\" id=\"cnr-lastname\" name=\"lastname\" placeholder=\"Dupont\" required \/>\n            <\/div>\n        <\/div>\n        <div class=\"cnr-field-group\">\n            <label class=\"cnr-label\">Destinataires*<\/label>\n            <div class=\"cnr-recipients-list\" id=\"cnr-recipients-list\">\n                <div class=\"cnr-recipient-item\">\n                    <input class=\"cnr-input\" type=\"email\" name=\"recipients[]\" id=\"cnr-recipients\"\n                        placeholder=\"Adresse email du destinataire\" required \/>\n                <\/div>\n            <\/div>\n            <button type=\"button\" class=\"cnr-add-recipient\" id=\"cnr-add-recipient\">\n                <span class=\"cnr-add-recipient-icon\">+<\/span>\n                Ajouter un destinataire            <\/button>\n        <\/div>\n        <div class=\"cnr-field-group\" style=\"margin-top:24px\">\n            <label class=\"cnr-label\" for=\"cnr-subject\">Objet*<\/label>\n            <input class=\"cnr-input\" type=\"text\" id=\"cnr-subject\" name=\"subject\"\n                value=\"Resultat du calculateur mix \u00e9nergetique\" required \/>\n        <\/div>\n        <div class=\"cnr-field-group\">\n            <label class=\"cnr-label\" for=\"cnr-message\">Message*<\/label>\n            <textarea class=\"cnr-textarea\" id=\"cnr-message\" name=\"message\" required>Bonjour,\nJe vous transmets les r\u00e9sultats du calculateur \u00e9nerg\u00e9tique CNR.\nCordialement,<\/textarea>\n        <\/div>\n        <div class=\"separator\"><\/div>\n        <div class=\"cnr-field-group\" style=\"border-top: 1px solid #ddd;padding-top: 25px;\">\n<!--            <div>-->\n<!--                <input type=\"checkbox\" id=\"includeCharts\" name=\"includeCharts\" \/>-->\n<!--                <label for=\"includeCharts\">Int\u00e9grer les graphiques des indicateurs dans le PDF <\/label>-->\n<!--            <\/div>-->\n            <div style=\"margin-top: 5px;\">\n                <input type=\"checkbox\" id=\"sendCopy\" name=\"sendCopy\" \/>\n                <label for=\"sendCopy\">Recevoir aussi une copie du mail <\/label>\n            <\/div>\n        <\/div>\n        <div class=\"cnr-form-footer\">\n            <button type=\"submit\" class=\"cnr-email-submit-btn\">\n                Envoyer \u00e0 tous les destinataires            <\/button>\n        <\/div>\n    <input type=\"hidden\" name=\"trp-form-language\" value=\"en\"\/><\/form>\n            <\/div>\n    <\/div>\n<\/div>\n\n<\/div><!-- \/.cnr-calculator-root -->\n\n\n<p><\/p>","protected":false},"excerpt":{"rendered":"<p>Energy mix calculator<\/p>","protected":false},"author":2,"featured_media":0,"parent":0,"menu_order":0,"comment_status":"closed","ping_status":"closed","template":"","meta":{"_uag_custom_page_level_css":"","footnotes":""},"class_list":["post-23428","page","type-page","status-publish","hentry"],"blocksy_meta":{"has_hero_section":"disabled","styles_descriptor":{"styles":{"desktop":"","tablet":"","mobile":""},"google_fonts":[],"version":6}},"uagb_featured_image_src":{"full":false,"thumbnail":false,"medium":false,"medium_large":false,"large":false,"1536x1536":false,"2048x2048":false,"trp-custom-language-flag":false},"uagb_author_info":{"display_name":"celaneo","author_link":"https:\/\/cnr.v2.mila.celaneo.com\/en\/archives\/author\/celaneo"},"uagb_comment_info":0,"uagb_excerpt":"Calculateur mix \u00e9nergies","_links":{"self":[{"href":"https:\/\/cnr.v2.mila.celaneo.com\/en\/wp-json\/wp\/v2\/pages\/23428","targetHints":{"allow":["GET"]}}],"collection":[{"href":"https:\/\/cnr.v2.mila.celaneo.com\/en\/wp-json\/wp\/v2\/pages"}],"about":[{"href":"https:\/\/cnr.v2.mila.celaneo.com\/en\/wp-json\/wp\/v2\/types\/page"}],"author":[{"embeddable":true,"href":"https:\/\/cnr.v2.mila.celaneo.com\/en\/wp-json\/wp\/v2\/users\/2"}],"replies":[{"embeddable":true,"href":"https:\/\/cnr.v2.mila.celaneo.com\/en\/wp-json\/wp\/v2\/comments?post=23428"}],"version-history":[{"count":6,"href":"https:\/\/cnr.v2.mila.celaneo.com\/en\/wp-json\/wp\/v2\/pages\/23428\/revisions"}],"predecessor-version":[{"id":23861,"href":"https:\/\/cnr.v2.mila.celaneo.com\/en\/wp-json\/wp\/v2\/pages\/23428\/revisions\/23861"}],"wp:attachment":[{"href":"https:\/\/cnr.v2.mila.celaneo.com\/en\/wp-json\/wp\/v2\/media?parent=23428"}],"curies":[{"name":"wp","href":"https:\/\/api.w.org\/{rel}","templated":true}]}}