{"id":22272,"date":"2025-11-25T12:10:59","date_gmt":"2025-11-25T12:10:59","guid":{"rendered":"https:\/\/cnr.v2.mila.celaneo.com\/?page_id=22272&#038;mode=prod"},"modified":"2025-11-25T14:04:32","modified_gmt":"2025-11-25T14:04:32","slug":"contact","status":"publish","type":"page","link":"https:\/\/cnr.v2.mila.celaneo.com\/en\/contact","title":{"rendered":"contact"},"content":{"rendered":"<div class=\"wp-block-uagb-container banner uagb-block-4546ffde alignfull uagb-is-root-container\"><div class=\"uagb-container-inner-blocks-wrap\">\n<div class=\"wp-block-group is-layout-constrained wp-container-core-group-is-layout-3e13aa90 wp-block-group-is-layout-constrained\" style=\"margin-top:0px;margin-bottom:0px;padding-top:0px;padding-right:0;padding-bottom:0px;padding-left:0\"><!-- Pas une page WordPress -->\n\n\n\n<div class=\"wp-block-uagb-advanced-heading uagb-block-e4123a3c banner_title\"><h2 class=\"uagb-heading-text\">Contact<\/h2><\/div>\n<\/div>\n<\/div><\/div>\n\n\n\n<p><\/p>\n\n\n\n<div class=\"wp-block-cnr-blocks-contact-form\"><div class=\"cnr-contact-form-block\" data-recipient-email=\"cnr@cnr.fr\" data-email-subject=\"Nouveau message depuis le formulaire de contact\" data-success-message=\"Votre message a \u00e9t\u00e9 envoy\u00e9 avec succ\u00e8s !\" data-error-message=\"Une erreur est survenue. Veuillez r\u00e9essayer.\"><div class=\"cnr-contact-form-container\"><form class=\"cnr-contact-form\" data-cnr-contact-form=\"true\" action=\"\"><div class=\"cnr-contact-form-message\" style=\"display:none\"><\/div><div class=\"cnr-contact-form-field\"><label for=\"contact-nom\">Name <span class=\"required-star\">*<\/span><\/label><input type=\"text\" id=\"contact-nom\" name=\"nom\" required placeholder=\"\"\/><\/div><div class=\"cnr-contact-form-field\"><label for=\"contact-prenom\">First name <span class=\"required-star\">*<\/span><\/label><input type=\"text\" id=\"contact-prenom\" name=\"prenom\" required placeholder=\"\"\/><\/div><div class=\"cnr-contact-form-field\"><label for=\"contact-telephone\">Phone <span class=\"required-star\">*<\/span><\/label><input type=\"tel\" id=\"contact-telephone\" name=\"telephone\" required placeholder=\"\" pattern=\"[0-9\\s\\+\\-\\(\\)]+\"\/><\/div><div class=\"cnr-contact-form-field\"><label for=\"contact-email\">Email <span class=\"required-star\">*<\/span><\/label><input type=\"email\" id=\"contact-email\" name=\"email\" required placeholder=\"\"\/><\/div><div class=\"cnr-contact-form-field\"><label for=\"contact-objet\">Subject <span class=\"required-star\">*<\/span><\/label><input type=\"text\" id=\"contact-objet\" name=\"objet\" required placeholder=\"\"\/><\/div><div class=\"cnr-contact-form-field\"><label for=\"contact-message\">Message <span class=\"required-star\">*<\/span><\/label><textarea id=\"contact-message\" name=\"message\" rows=\"5\" required placeholder=\"\"><\/textarea><\/div><button type=\"submit\" class=\"cnr-contact-form-submit\">Send<\/button><input type=\"hidden\" name=\"trp-form-language\" value=\"en\"\/><\/form><div class=\"cnr-contact-info-card\"><div class=\"cnr-contact-info-icon\"><svg width=\"69\" height=\"80\" viewbox=\"0 0 69 80\" fill=\"none\" xmlns=\"http:\/\/www.w3.org\/2000\/svg\"><path fill-rule=\"evenodd\" clip-rule=\"evenodd\" d=\"M12.44 54.3652C9.14071 54.3652 5.97654 55.6759 3.64359 58.0088C1.31064 60.3418 0 63.5059 0 66.8052C0 70.1045 1.31064 73.2687 3.64359 75.6016C5.97654 77.9346 9.14071 79.2452 12.44 79.2452H55.1257C56.2624 79.2452 57.3524 78.7937 58.1562 77.99C58.9599 77.1862 59.4114 76.0962 59.4114 74.9595V58.6509C59.4114 57.5143 58.9599 56.4242 58.1562 55.6205C57.3524 54.8168 56.2624 54.3652 55.1257 54.3652H12.44Z\" fill=\"#0060A9\"><\/path><path fill-rule=\"evenodd\" clip-rule=\"evenodd\" d=\"M12.44 0.0057143H58.6457C59.9219 0.0049636 61.1857 0.255677 62.365 0.74353C63.5442 1.23138 64.6158 1.94681 65.5184 2.84894C66.4211 3.75107 67.1372 4.82222 67.6257 6.00118C68.1143 7.18015 68.3657 8.44382 68.3657 9.72V53.2114C68.3672 54.4886 68.1169 55.7535 67.629 56.9338C67.1411 58.114 66.4253 59.1865 65.5225 60.0899C64.6197 60.9932 63.5476 61.7097 62.3676 62.1982C61.1876 62.6868 59.9229 62.9379 58.6457 62.9371H12.44C11.414 62.9371 10.43 63.3447 9.70451 64.0702C8.97901 64.7957 8.57143 65.7797 8.57143 66.8057C8.57143 67.8317 8.97901 68.8157 9.70451 69.5412C10.43 70.2667 11.414 70.6743 12.44 70.6743H64.08C65.2166 70.6743 66.3067 71.1258 67.1105 71.9295C67.9142 72.7333 68.3657 73.8234 68.3657 74.96C68.3657 76.0966 67.9142 77.1867 67.1105 77.9904C66.3067 78.7942 65.2166 79.2457 64.08 79.2457H12.44C9.14071 79.2457 5.97654 77.9351 3.64359 75.6021C1.31064 73.2692 0 70.105 0 66.8057C0 66.6076 0.00952378 66.4171 0.0285714 66.2343C0.00980011 65.9433 0.00217543 65.6516 0.00571421 65.36V12.1086C0.124537 8.87888 1.48264 5.81901 3.79805 3.56425C6.11345 1.30949 9.20829 0.0330718 12.44 0V0.0057143Z\" fill=\"#80AFD4\"><\/path><path d=\"M38.0293 46.7078C39.9312 47.515 42.0409 47.6948 44.0519 47.2211C46.0629 46.7474 47.8706 45.6448 49.2122 44.0736L50.6179 42.6621C51.2316 42.1705 51.6314 41.4607 51.7336 40.6811C51.8359 39.9014 51.6326 39.1125 51.1664 38.4793L46.6179 33.9364C45.9854 33.4696 45.1969 33.2654 44.4173 33.3666C43.6377 33.4678 42.9274 33.8665 42.435 34.4793C41.9428 35.0905 41.2336 35.4881 40.4554 35.5892C39.6772 35.6904 38.89 35.4872 38.2579 35.0221L30.9779 27.7593C30.5111 27.1268 30.3069 26.3383 30.4081 25.5587C30.5092 24.7791 30.9079 24.0688 31.5207 23.5764C32.1344 23.0848 32.5342 22.375 32.6365 21.5953C32.7387 20.8157 32.5355 20.0268 32.0693 19.3936L27.5207 14.845C26.8875 14.3788 26.0986 14.1756 25.319 14.2778C24.5393 14.3801 23.8295 14.7799 23.3379 15.3936L21.9379 16.7878C20.3731 18.1341 19.2748 19.9412 18.8005 21.9502C18.3262 23.9592 18.5003 26.0668 19.2979 27.9707C23.9085 35.6582 30.3418 42.0915 38.0293 46.7021V46.7078Z\" fill=\"#0060A9\"><\/path><\/svg><\/div><h3 class=\"cnr-contact-info-title\">Contact us<\/h3><div class=\"cnr-contact-info-details\"><div class=\"cnr-contact-info-item\"><span class=\"cnr-contact-info-label\">Telephone:<\/span><a href=\"tel:0153591272\" class=\"cnr-contact-info-value\">01 53 59 12 72<\/a><\/div><div class=\"cnr-contact-info-item\"><span class=\"cnr-contact-info-label\">Email:<\/span><a href=\"mailto:cnr@cnr.fr\" class=\"cnr-contact-info-value\">cnr@cnr.fr<\/a><\/div><\/div><\/div><\/div><\/div><style>\n                    .cnr-contact-info-title {\n                        font-family: Oxygen !important;\n                        font-size: 24px !important;\n                        font-weight: 700 !important;\n                        color: #003F74 !important;\n                    }\n                    \n                    .cnr-contact-info-value {\n                        font-family: Inter !important;\n                        font-size: 16px !important;\n                        font-weight: 600 !important;\n                        color: #0060A9 !important;\n                        text-decoration: none;\n                    }\n                    \n                    .cnr-contact-info-value:hover {\n                        text-decoration: underline;\n                    }\n                    \n                    .cnr-contact-form-field label {\n                        font-family: Inter !important;\n                        font-size: 14px !important;\n                        font-weight: 400 !important;\n                        color: #000000 !important;\n                    }\n                    \n                    .cnr-contact-form-submit {\n                        font-family: Inter !important;\n                        font-size: 16px !important;\n                        font-weight: 600 !important;\n                        color: #FFFFFF !important;\n                        background-color: #003F74 !important;\n                    }\n                    \n                    .cnr-contact-form-submit:hover {\n                        background-color: #0060A9 !important;\n                    }\n                    \n                    .cnr-contact-info-card {\n                        width: 350px !important;\n                        height: 270px !important;\n                        box-shadow: 1px 1px 3px 3px lightgrey !important;\n                        background-color: #F8FAFC !important;\n                        border-radius: 8px !important;\n                        padding: 15px 10px 20px 10px !important;\n                        margin-left: 25%;\n                    }\n                    \n                    \n                    .cnr-contact-form-field input,\n                    .cnr-contact-form-field textarea {\n                        border-color: #D1D5DB !important;\n                    }\n                    \n                    .cnr-contact-form-field input:focus,\n                    .cnr-contact-form-field textarea:focus {\n                        border-color: #0060A9 !important;\n                    }\n                    \n                    .required-star {\n                        color: #EF4444 !important;\n                    }\n                    .cnr-contact-info-icon{\n                        background-color: white !important;\n                        }\n\n                    .cnr-contact-info-item{\n                        display: inline !important;\n                    }\n\n                    .cnr-contact-info-label{\n                        margin-right: 5px !important;\n                    }\n                <\/style><\/div>","protected":false},"excerpt":{"rendered":"<p>Contact<\/p>","protected":false},"author":2,"featured_media":0,"parent":0,"menu_order":0,"comment_status":"closed","ping_status":"closed","template":"","meta":{"_uag_custom_page_level_css":"","footnotes":""},"class_list":["post-22272","page","type-page","status-publish","hentry"],"blocksy_meta":[],"uagb_featured_image_src":{"full":false,"thumbnail":false,"medium":false,"medium_large":false,"large":false,"1536x1536":false,"2048x2048":false,"trp-custom-language-flag":false},"uagb_author_info":{"display_name":"celaneo","author_link":"https:\/\/cnr.v2.mila.celaneo.com\/en\/archives\/author\/celaneo"},"uagb_comment_info":0,"uagb_excerpt":"Contact","_links":{"self":[{"href":"https:\/\/cnr.v2.mila.celaneo.com\/en\/wp-json\/wp\/v2\/pages\/22272","targetHints":{"allow":["GET"]}}],"collection":[{"href":"https:\/\/cnr.v2.mila.celaneo.com\/en\/wp-json\/wp\/v2\/pages"}],"about":[{"href":"https:\/\/cnr.v2.mila.celaneo.com\/en\/wp-json\/wp\/v2\/types\/page"}],"author":[{"embeddable":true,"href":"https:\/\/cnr.v2.mila.celaneo.com\/en\/wp-json\/wp\/v2\/users\/2"}],"replies":[{"embeddable":true,"href":"https:\/\/cnr.v2.mila.celaneo.com\/en\/wp-json\/wp\/v2\/comments?post=22272"}],"version-history":[{"count":3,"href":"https:\/\/cnr.v2.mila.celaneo.com\/en\/wp-json\/wp\/v2\/pages\/22272\/revisions"}],"predecessor-version":[{"id":22281,"href":"https:\/\/cnr.v2.mila.celaneo.com\/en\/wp-json\/wp\/v2\/pages\/22272\/revisions\/22281"}],"wp:attachment":[{"href":"https:\/\/cnr.v2.mila.celaneo.com\/en\/wp-json\/wp\/v2\/media?parent=22272"}],"curies":[{"name":"wp","href":"https:\/\/api.w.org\/{rel}","templated":true}]}}