{"id":20179,"date":"2025-10-22T10:54:29","date_gmt":"2025-10-22T10:54:29","guid":{"rendered":"https:\/\/cnr.v2.mila.celaneo.com\/?page_id=20179&#038;mode=prod"},"modified":"2025-11-21T14:24:35","modified_gmt":"2025-11-21T14:24:35","slug":"simulateur","status":"publish","type":"page","link":"https:\/\/cnr.v2.mila.celaneo.com\/en\/simulateur","title":{"rendered":"simulateur"},"content":{"rendered":"<div class=\"wp-block-uagb-container banner uagb-block-4546ffde alignfull uagb-is-root-container\"><div class=\"uagb-container-inner-blocks-wrap\">\n<div class=\"wp-block-group is-layout-constrained wp-container-core-group-is-layout-3e13aa90 wp-block-group-is-layout-constrained\" style=\"margin-top:0px;margin-bottom:0px;padding-top:0px;padding-right:0;padding-bottom:0px;padding-left:0\"><!-- Pas une page WordPress -->\n\n\n\n<div class=\"wp-block-uagb-advanced-heading uagb-block-e4123a3c banner_title\"><h2 class=\"uagb-heading-text\">Downloadable cost simulator<\/h2><\/div>\n<\/div>\n<\/div><\/div>\n\n\n\n<div class=\"wp-block-uagb-container uagb-block-dcd529f7 alignfull uagb-is-root-container\"><div class=\"uagb-container-inner-blocks-wrap\">\n<p>This simulator is a simplified tool for calculating the cost price of a road freight vehicle. It allows you to calculate the specific cost of a transport operation.<\/p>\n\n\n\n<p class=\"bottom_0\"><strong>&nbsp;Attached document<\/strong><\/p>\n\n\n<div class=\"referentiel-buttons\"><a href=\"https:\/\/cnr.v2.mila.celaneo.com\/en\/app\/uploads\/2025\/10\/CNR-Simulateur-de-cout-de-revient.xls\/\" class=\"referentiel-button\" download style=\"background-color: #003F74; color: #ffffff; padding: 10px 20px; border-radius: 3px;\"><img decoding=\"async\"  loading=\"lazy\" src=\"https:\/\/cnr.v2.mila.celaneo.com\/app\/uploads\/2025\/09\/icon-save.svg\" alt=\"\" class=\"referentiel-icon\" \/><span class=\"referentiel-label\">CNR \u2013 Cost price simulator.xls<\/span><\/a><\/div><\/div><\/div>","protected":false},"excerpt":{"rendered":"<p>Simulateur de co\u00fbt de revient t\u00e9l\u00e9chargeable Ce simulateur est un outil simplifi\u00e9 de calcul du co\u00fbt de revient d\u2019un v\u00e9hicule de transport routier de marchandises. Il permet de calculer le co\u00fbt sp\u00e9cifique d\u2019une op\u00e9ration de transport. &nbsp;Document joint<\/p>","protected":false},"author":12,"featured_media":0,"parent":0,"menu_order":0,"comment_status":"closed","ping_status":"closed","template":"","meta":{"_uag_custom_page_level_css":"","footnotes":""},"class_list":["post-20179","page","type-page","status-publish","hentry"],"blocksy_meta":{"disable_header":"no","has_hero_section":"disabled","styles_descriptor":{"styles":{"desktop":"","tablet":"","mobile":""},"google_fonts":[],"version":6}},"uagb_featured_image_src":{"full":false,"thumbnail":false,"medium":false,"medium_large":false,"large":false,"1536x1536":false,"2048x2048":false,"trp-custom-language-flag":false},"uagb_author_info":{"display_name":"celaneo1","author_link":"https:\/\/cnr.v2.mila.celaneo.com\/en\/archives\/author\/celaneo1"},"uagb_comment_info":0,"uagb_excerpt":"Simulateur de co\u00fbt de revient t\u00e9l\u00e9chargeable Ce simulateur est un outil simplifi\u00e9 de calcul du co\u00fbt de revient d\u2019un v\u00e9hicule de transport routier de marchandises. Il permet de calculer le co\u00fbt sp\u00e9cifique d\u2019une op\u00e9ration de transport. &nbsp;Document joint","_links":{"self":[{"href":"https:\/\/cnr.v2.mila.celaneo.com\/en\/wp-json\/wp\/v2\/pages\/20179","targetHints":{"allow":["GET"]}}],"collection":[{"href":"https:\/\/cnr.v2.mila.celaneo.com\/en\/wp-json\/wp\/v2\/pages"}],"about":[{"href":"https:\/\/cnr.v2.mila.celaneo.com\/en\/wp-json\/wp\/v2\/types\/page"}],"author":[{"embeddable":true,"href":"https:\/\/cnr.v2.mila.celaneo.com\/en\/wp-json\/wp\/v2\/users\/12"}],"replies":[{"embeddable":true,"href":"https:\/\/cnr.v2.mila.celaneo.com\/en\/wp-json\/wp\/v2\/comments?post=20179"}],"version-history":[{"count":11,"href":"https:\/\/cnr.v2.mila.celaneo.com\/en\/wp-json\/wp\/v2\/pages\/20179\/revisions"}],"predecessor-version":[{"id":22093,"href":"https:\/\/cnr.v2.mila.celaneo.com\/en\/wp-json\/wp\/v2\/pages\/20179\/revisions\/22093"}],"wp:attachment":[{"href":"https:\/\/cnr.v2.mila.celaneo.com\/en\/wp-json\/wp\/v2\/media?parent=20179"}],"curies":[{"name":"wp","href":"https:\/\/api.w.org\/{rel}","templated":true}]}}