{"id":13710,"date":"2025-07-17T07:09:12","date_gmt":"2025-07-17T07:09:12","guid":{"rendered":"https:\/\/cnr.v2.mila.celaneo.com\/?page_id=13710"},"modified":"2026-03-20T20:03:44","modified_gmt":"2026-03-20T20:03:44","slug":"connexion","status":"publish","type":"page","link":"https:\/\/cnr.v2.mila.celaneo.com\/en\/connexion","title":{"rendered":"Login"},"content":{"rendered":"<div class=\"wp-block-uagb-container banner uagb-block-4546ffde alignfull uagb-is-root-container\"><div class=\"uagb-container-inner-blocks-wrap\">\n<div class=\"wp-block-group is-layout-constrained wp-container-core-group-is-layout-3e13aa90 wp-block-group-is-layout-constrained\" style=\"margin-top:0px;margin-bottom:0px;padding-top:0px;padding-right:0;padding-bottom:0px;padding-left:0\"><!-- Pas une page WordPress -->\n\n\n\n<div class=\"wp-block-uagb-advanced-heading uagb-block-e4123a3c banner_title\"><h2 class=\"uagb-heading-text\">My account<\/h2><\/div>\n<\/div>\n<\/div><\/div>\n\n\n\n<div class=\"wp-block-uagb-container uagb-block-c17b51b5 alignfull uagb-is-root-container\"><div class=\"uagb-container-inner-blocks-wrap\">\n<div class=\"wp-block-group is-content-justification-center is-nowrap is-layout-flex wp-container-core-group-is-layout-930ecf34 wp-block-group-is-layout-flex\" style=\"margin-top:12px;margin-bottom:24px\">\n<div class=\"wp-block-buttons has-custom-font-size btn_indicateur has-border-color has-background wp-container-content-36c51660 is-horizontal is-content-justification-center is-layout-flex wp-container-core-buttons-is-layout-859566ad wp-block-buttons-is-layout-flex\" style=\"border-color:#0060a9;border-width:2px;border-top-left-radius:5px;border-bottom-left-radius:5px;background-color:#0060a9;padding-top:0px;padding-right:10px;padding-bottom:0px;padding-left:10px;font-size:clamp(14px, 0.875rem + ((1vw - 3.2px) * 0.078), 15px);font-style:normal;font-weight:700\">\n<div class=\"wp-block-button\"><a class=\"wp-block-button__link has-palette-color-8-color has-text-color has-background has-link-color has-text-align-center has-custom-font-size wp-element-button\" style=\"background-color:#ffffff00;padding-top:0px;padding-right:0px;padding-bottom:0px;padding-left:0px;font-size:clamp(14px, 0.875rem + ((1vw - 3.2px) * 0.078), 15px);font-style:normal;font-weight:700\">Login<\/a><\/div>\n<\/div>\n\n\n\n<div class=\"wp-block-buttons has-custom-font-size btn_publication has-border-color has-palette-color-8-background-color has-background wp-container-content-36c51660 is-horizontal is-content-justification-center is-layout-flex wp-container-core-buttons-is-layout-859566ad wp-block-buttons-is-layout-flex\" style=\"border-color:#0060a9;border-width:2px;border-top-right-radius:5px;border-bottom-right-radius:5px;padding-top:0px;padding-right:10px;padding-bottom:0px;padding-left:10px;font-size:clamp(14px, 0.875rem + ((1vw - 3.2px) * 0.078), 15px);font-style:normal;font-weight:700\">\n<div class=\"wp-block-button\"><a class=\"wp-block-button__link has-text-color has-background has-link-color has-text-align-center has-custom-font-size wp-element-button\" style=\"color:#0060a9;background-color:#ffffff00;padding-top:0px;padding-right:0px;padding-bottom:0px;padding-left:0px;font-size:clamp(14px, 0.875rem + ((1vw - 3.2px) * 0.078), 15px);font-style:normal;font-weight:700\">Registration<\/a><\/div>\n<\/div>\n<\/div>\n\n\n\n<div id=\"choix_indicateur\" class=\"wp-block-group is-layout-constrained wp-container-core-group-is-layout-8172683b wp-block-group-is-layout-constrained\" style=\"margin-top:0px;margin-bottom:0px;padding-top:24px;padding-right:0px;padding-bottom:24px;padding-left:0px\">\n<h2 class=\"wp-block-heading has-text-align-center oxygen margin-bottom-24 has-black-color has-text-color has-link-color wp-elements-b86be12005b6fd9de7cbdb8dc198d6d9\" style=\"font-size:clamp(16.293px, 1.018rem + ((1vw - 3.2px) * 0.68), 25px);font-style:normal;font-weight:700\">Log in<\/h2>\n\n\n\n<div class=\"text-attention\">\n  <img decoding=\"async\"  loading=\"lazy\" src=\"https:\/\/cnr.v2.mila.celaneo.com\/app\/uploads\/2025\/07\/material-symbols_warning.svg\" alt=\"Ic\u00f4ne Attention\" class=\"warning-icon\">\n  <div>\n    <strong>Please note:<\/strong>\n     Following the launch of the new CNR website, your username used on the old site remains valid, but you must reset your password. <strong>in \n    <a href=\"https:\/\/cnr.v2.mila.celaneo.com\/en\/reinitialisation-du-mot-de-passe\/\" data-type=\"page\" data-id=\"13746\">\n       by clicking here.\n    <\/a><\/strong>\n  <\/div>\n<\/div>\n\n\n\n<div class=\"um um-login um-13736\">\n\t<div class=\"um-form\">\n\t\t<form method=\"post\" action=\"\" autocomplete=\"off\" data-trp-original-action=\"\">\n\t\t\t<div class=\"um-row _um_row_1\" style=\"margin: 0 0 30px 0;\"><div class=\"um-col-1\"><div  id=\"um_field_13736_user_login\" class=\"um-field um-field-text  um-field-user_login um-field-text um-field-type_text\" data-key=\"user_login\"><div class=\"um-field-label\"><label for=\"user_login-13736\">Email \/ Identifiant<\/label><div class=\"um-clear\"><\/div><\/div><div class=\"um-field-area\"><input  autocomplete=\"off\" class=\"um-form-field valid\" type=\"text\" name=\"user_login-13736\" id=\"user_login-13736\" value=\"\" placeholder=\"\" data-validate=\"\" data-key=\"user_login\"  aria-invalid=\"false\" \/>\n\n\t\t\t\t\t\t<\/div><\/div><div  id=\"um_field_13736_user_password\" class=\"um-field um-field-password  um-field-user_password um-field-password um-field-type_password\" data-key=\"user_password\"><div class=\"um-field-label\"><label for=\"user_password-13736\">Password<\/label><div class=\"um-clear\"><\/div><\/div><div class=\"um-field-area\"><input class=\"um-form-field valid\" type=\"password\" name=\"user_password-13736\" id=\"user_password-13736\" value=\"\" placeholder=\"\" data-validate=\"\" data-key=\"user_password\"  aria-invalid=\"false\" \/>\n\n\t\t\t\t\t\t\t<\/div><\/div><\/div><\/div>\t<input type=\"hidden\" name=\"form_id\" id=\"form_id_13736\" value=\"13736\" \/>\n\t\t<p class=\"um_request_name\">\n\t\t<label for=\"um_request_13736\">Only fill in if you are not human<\/label>\n\t\t<input type=\"hidden\" name=\"um_request\" id=\"um_request_13736\" class=\"input\" value=\"\" size=\"25\" autocomplete=\"off\" \/>\n\t<\/p>\n\t<input type=\"hidden\" name=\"redirect_to\" id=\"redirect_to\" value=\"\/mon-compte\" \/><input type=\"hidden\" id=\"_wpnonce\" name=\"_wpnonce\" value=\"21a2f7e508\" \/><input type=\"hidden\" name=\"_wp_http_referer\" value=\"\/en\/wp-json\/wp\/v2\/pages\/13710\" \/>\n\t<div class=\"um-col-alt\">\n\n\t\t\n\t\t\t<div class=\"um-center\">\n\t\t\t\t<input type=\"submit\" value=\"Log in\" class=\"um-button\" id=\"um-submit-btn\" \/>\n\t\t\t<\/div>\n\n\t\t\n\t\t<div class=\"um-clear\"><\/div>\n\n\t<\/div>\n\n\t\n\t<div class=\"um-col-alt-b\">\n\t\t<a href=\"https:\/\/cnr.v2.mila.celaneo.com\/en\/reinitialisation-du-mot-de-passe\" class=\"um-link-alt\">\n\t\t\tForgot your password?\t\t<\/a>\n\t<\/div>\n\n\t\t\t<input type=\"hidden\" name=\"trp-form-language\" value=\"en\"\/><\/form>\n\t<\/div>\n<\/div>\n<style>\n\t\t\t.um-13736.um {\n\t\t\tmax-width: 600;\n\t\t}\n\t\t<\/style>\n\n<\/div>\n\n\n\n<div id=\"choix_publication\" class=\"wp-block-uagb-container uagb-layout-flex uagb-block-04995a01 alignfull uagb-is-root-container\"><div class=\"uagb-container-inner-blocks-wrap\">\n<h2 class=\"wp-block-heading has-text-align-center oxygen has-black-color has-text-color has-link-color wp-elements-61629cc806e32a57878d316de075bb30\" style=\"font-size:clamp(16.293px, 1.018rem + ((1vw - 3.2px) * 0.68), 25px);font-style:normal;font-weight:700\">Not yet registered? Our packages<\/h2>\n\n\n\n<p class=\"has-text-align-center plus-jakarta-sans card-mobile-width margin_bottom_8 has-text-color has-link-color wp-elements-739cadf1e7799c38484c80e03eb53f2f\" style=\"color:#697281;font-size:clamp(14px, 0.875rem + ((1vw - 3.2px) * 0.156), 16px);\">Several packages are available. Subscribe now and gain access to all the advanced features of the site.<\/p>\n\n\n\n<div class=\"wp-block-uagb-container uagb-layout-flex uagb-block-6ad61fd8 alignfull uagb-is-root-container\"><div class=\"uagb-container-inner-blocks-wrap\">\n<div class=\"wp-block-columns is-layout-flex wp-container-core-columns-is-layout-cb4c6f82 wp-block-columns-is-layout-flex\" style=\"margin-top:0px;margin-bottom:20px\">\n<div class=\"wp-block-column card-height card-mobile-width is-layout-flow wp-block-column-is-layout-flow\">\n<div class=\"wp-block-uagb-container card-height uagb-block-8915ea62 alignfull uagb-is-root-container\"><div class=\"uagb-container-inner-blocks-wrap\">\n<div class=\"wp-block-uagb-container uagb-block-8127f3aa alignfull uagb-is-root-container\"><div class=\"uagb-container-inner-blocks-wrap\">\n<h2 class=\"wp-block-heading has-text-color has-link-color wp-elements-62e9b4fbbcd5ce255da9cdd5a0c77390\" style=\"color:#003f74;margin-top:0;margin-right:0;margin-bottom:0;margin-left:0;font-size:14px\">Free access<\/h2>\n\n\n\n<h2 class=\"wp-block-heading plus-jakarta-sans has-text-color has-link-color wp-elements-b2478ccf81cb0dd863c5d2e1bba0876a\" style=\"color:#003f74;margin-top:0;margin-right:0;margin-bottom:0;margin-left:0;font-size:clamp(17.371px, 1.086rem + ((1vw - 3.2px) * 0.752), 27px);\">0 \u20ac<span style=\"font-size: 12px; font-weight: normal;\">\/ month<\/span><\/h2>\n\n\n<style>.wp-block-kadence-spacer.kt-block-spacer-13710_af4a10-a1 .kt-block-spacer{height:6px;}.wp-block-kadence-spacer.kt-block-spacer-13710_af4a10-a1 .kt-divider{border-top-width:2px;border-top-color:#003f74;width:100%;border-top-style:solid;}<\/style>\n<div class=\"wp-block-kadence-spacer aligncenter kt-block-spacer-13710_af4a10-a1\"><div class=\"kt-block-spacer kt-block-spacer-halign-center\"><hr class=\"kt-divider\"\/><\/div><\/div>\n\n\n\n<div class=\"wp-block-uagb-icon-list uagb-block-2a2db5d1 icon_list\"><div class=\"uagb-icon-list__wrap\">\n<div class=\"wp-block-uagb-icon-list-child uagb-block-0e18b4c1\"><span class=\"uagb-icon-list__source-wrap\"><img decoding=\"async\" class=\"uagb-icon-list__source-image\"  loading=\"lazy\" src=\"https:\/\/cnr.v2.mila.celaneo.com\/app\/uploads\/2025\/06\/check-green.png\" width=\"18\" height=\"18\" alt=\"\"\/><\/span><span class=\"uagb-icon-list__label\">Publications (excluding paid access)<\/span><\/div>\n\n\n\n<div class=\"wp-block-uagb-icon-list-child uagb-block-1184e4ae\"><span class=\"uagb-icon-list__source-wrap\"><img decoding=\"async\" class=\"uagb-icon-list__source-image\"  loading=\"lazy\" src=\"https:\/\/cnr.v2.mila.celaneo.com\/app\/uploads\/2025\/06\/check-green.png\" width=\"18\" height=\"18\" alt=\"\"\/><\/span><span class=\"uagb-icon-list__label\">Indicators (without advanced features)<\/span><\/div>\n\n\n\n<div class=\"wp-block-uagb-icon-list-child uagb-block-4bbf2e7c\"><span class=\"uagb-icon-list__source-wrap\"><img decoding=\"async\" class=\"uagb-icon-list__source-image\"  loading=\"lazy\" src=\"https:\/\/cnr.v2.mila.celaneo.com\/app\/uploads\/2025\/06\/check-green.png\" width=\"18\" height=\"18\" alt=\"\"\/><\/span><span class=\"uagb-icon-list__label\">Price indexing tool (limited version)<\/span><\/div>\n\n\n\n<div class=\"wp-block-uagb-icon-list-child uagb-block-9369285a\"><span class=\"uagb-icon-list__source-wrap\"><img decoding=\"async\" class=\"uagb-icon-list__source-image\"  loading=\"lazy\" src=\"https:\/\/cnr.v2.mila.celaneo.com\/app\/uploads\/2025\/06\/check-green.png\" width=\"18\" height=\"18\" alt=\"\"\/><\/span><span class=\"uagb-icon-list__label\">Indicator comparison tool (limited version)<\/span><\/div>\n\n\n\n<div class=\"wp-block-uagb-icon-list-child uagb-block-1d79fe39\"><span class=\"uagb-icon-list__source-wrap\"><img decoding=\"async\" class=\"uagb-icon-list__source-image\"  loading=\"lazy\" src=\"https:\/\/cnr.v2.mila.celaneo.com\/app\/uploads\/2025\/06\/check-green.png\" width=\"18\" height=\"18\" alt=\"\"\/><\/span><span class=\"uagb-icon-list__label\">Monthly newsletter<\/span><\/div>\n\n\n\n<div class=\"wp-block-uagb-icon-list-child uagb-block-dfbb0970\"><span class=\"uagb-icon-list__source-wrap\"><img decoding=\"async\" class=\"uagb-icon-list__source-image\"  loading=\"lazy\" src=\"https:\/\/cnr.v2.mila.celaneo.com\/app\/uploads\/2025\/06\/check-green.png\" width=\"18\" height=\"18\" alt=\"\"\/><\/span><span class=\"uagb-icon-list__label\">Entreprises participant aux enqu\u00eates du CNR<\/span><\/div>\n<\/div><\/div>\n<\/div><\/div>\n\n\n\n<div class=\"wp-block-uagb-container uagb-block-c2211855 alignfull uagb-is-root-container\"><div class=\"uagb-container-inner-blocks-wrap\">\n<div class=\"wp-block-uagb-buttons uagb-buttons__outer-wrap uagb-btn__default-btn uagb-btn-tablet__default-btn uagb-btn-mobile__default-btn uagb-block-f9be2c34\"><div class=\"uagb-buttons__wrap uagb-buttons-layout-wrap\">\n<div class=\"wp-block-uagb-buttons-child uagb-buttons__outer-wrap uagb-block-8086735e wp-block-button\"><div class=\"uagb-button__wrapper\"><a class=\"uagb-buttons-repeater wp-block-button__link\" aria-label=\"\" href=\"\/en\/inscription\/\" rel=\"follow noopener\" target=\"_self\" role=\"button\"><div class=\"uagb-button__link\">I am registering<\/div><\/a><\/div><\/div>\n<\/div><\/div>\n<\/div><\/div>\n<\/div><\/div>\n<\/div>\n\n\n\n<div class=\"wp-block-column card-height card-mobile-width is-layout-flow wp-block-column-is-layout-flow\">\n<div class=\"wp-block-uagb-container card-height uagb-block-c0a64018 alignfull uagb-is-root-container\"><div class=\"uagb-container-inner-blocks-wrap\">\n<div class=\"wp-block-uagb-container uagb-block-44649b89 alignfull uagb-is-root-container\"><div class=\"uagb-container-inner-blocks-wrap\">\n<h2 class=\"wp-block-heading has-text-color has-link-color wp-elements-dbfe32d51fa5be5f16c213f50df93339\" style=\"color:#003f74;margin-top:0;margin-right:0;margin-bottom:0;margin-left:0;font-size:14px\">Subscriber access<\/h2>\n\n\n\n<div class=\"wp-block-group prix-ht-auto is-layout-constrained wp-block-group-is-layout-constrained\">\n<h2 class=\"wp-block-heading plus-jakarta-sans has-text-color has-link-color wp-elements-8f7b899e4a617604d121c759229e5c49\" style=\"color:#003f74;margin-top:0;margin-right:0;margin-bottom:0;margin-left:0;font-size:clamp(17.371px, 1.086rem + ((1vw - 3.2px) * 0.752), 27px);\">145\u20ac HT<span style=\"font-size: 12px; font-weight: normal;\">per year<\/span><\/h2>\n\n\n\n<p class=\"plus-jakarta-sans has-text-color has-link-color wp-elements-12ed4774eb8b29f309d824c30a29261d\" style=\"color:#003f74;font-size:14px\"><span style=\"font-weight: 300;font-size: 12px;\">or<\/span> <strong class=\"prix-ttc-auto\">174\u20ac TTC *<\/strong><\/p>\n<\/div>\n\n\n<style>.wp-block-kadence-spacer.kt-block-spacer-13710_ceb37a-c9 .kt-block-spacer{height:6px;}.wp-block-kadence-spacer.kt-block-spacer-13710_ceb37a-c9 .kt-divider{border-top-width:2px;border-top-color:#003f74;width:100%;border-top-style:solid;}<\/style>\n<div class=\"wp-block-kadence-spacer aligncenter kt-block-spacer-13710_ceb37a-c9\"><div class=\"kt-block-spacer kt-block-spacer-halign-center\"><hr class=\"kt-divider\"\/><\/div><\/div>\n\n\n\n<div class=\"wp-block-uagb-icon-list uagb-block-c594210a icon_list\"><div class=\"uagb-icon-list__wrap\">\n<div class=\"wp-block-uagb-icon-list-child uagb-block-b750280c\"><span class=\"uagb-icon-list__source-wrap\"><img decoding=\"async\" class=\"uagb-icon-list__source-image\"  loading=\"lazy\" src=\"https:\/\/cnr.v2.mila.celaneo.com\/app\/uploads\/2025\/06\/check-green.png\" width=\"18\" height=\"18\" alt=\"\"\/><\/span><span class=\"uagb-icon-list__label\">Price indexing tool (full version)<\/span><\/div>\n\n\n\n<div class=\"wp-block-uagb-icon-list-child uagb-block-5005282e\"><span class=\"uagb-icon-list__source-wrap\"><img decoding=\"async\" class=\"uagb-icon-list__source-image\"  loading=\"lazy\" src=\"https:\/\/cnr.v2.mila.celaneo.com\/app\/uploads\/2025\/06\/check-green.png\" width=\"18\" height=\"18\" alt=\"\"\/><\/span><span class=\"uagb-icon-list__label\">Email and SMS alerts (updates on indicators and publications)<\/span><\/div>\n\n\n\n<div class=\"wp-block-uagb-icon-list-child uagb-block-bb89aedb\"><span class=\"uagb-icon-list__source-wrap\"><img decoding=\"async\" class=\"uagb-icon-list__source-image\"  loading=\"lazy\" src=\"https:\/\/cnr.v2.mila.celaneo.com\/app\/uploads\/2025\/06\/check-green.png\" width=\"18\" height=\"18\" alt=\"\"\/><\/span><span class=\"uagb-icon-list__label\">Indicators with advanced features (graph display, change of base 100)<\/span><\/div>\n\n\n\n<div class=\"wp-block-uagb-icon-list-child uagb-block-8b94a590\"><span class=\"uagb-icon-list__source-wrap\"><img decoding=\"async\" class=\"uagb-icon-list__source-image\"  loading=\"lazy\" src=\"https:\/\/cnr.v2.mila.celaneo.com\/app\/uploads\/2025\/06\/check-green.png\" width=\"18\" height=\"18\" alt=\"\"\/><\/span><span class=\"uagb-icon-list__label\">Prix cuve moyenne mensuelle<\/span><\/div>\n\n\n\n<div class=\"wp-block-uagb-icon-list-child uagb-block-7708b40a\"><span class=\"uagb-icon-list__source-wrap\"><img decoding=\"async\" class=\"uagb-icon-list__source-image\"  loading=\"lazy\" src=\"https:\/\/cnr.v2.mila.celaneo.com\/app\/uploads\/2025\/06\/check-green.png\" width=\"18\" height=\"18\" alt=\"\"\/><\/span><span class=\"uagb-icon-list__label\">Indicator comparison tool (full version)<\/span><\/div>\n<\/div><\/div>\n<\/div><\/div>\n\n\n\n<div class=\"wp-block-uagb-container uagb-block-8316adc4 alignfull uagb-is-root-container\"><div class=\"uagb-container-inner-blocks-wrap\">\n<div class=\"wp-block-uagb-buttons uagb-buttons__outer-wrap uagb-btn__default-btn uagb-btn-tablet__default-btn uagb-btn-mobile__default-btn uagb-block-e0bae828\"><div class=\"uagb-buttons__wrap uagb-buttons-layout-wrap\">\n<div class=\"wp-block-uagb-buttons-child uagb-buttons__outer-wrap uagb-block-b92673f5 wp-block-button\"><div class=\"uagb-button__wrapper\"><a class=\"uagb-buttons-repeater wp-block-button__link\" aria-label=\"\" href=\"\/en\/abonnement-annuel\/\" rel=\"follow noopener\" target=\"_self\" role=\"button\"><div class=\"uagb-button__link\">I subscribe<\/div><\/a><\/div><\/div>\n<\/div><\/div>\n<\/div><\/div>\n<\/div><\/div>\n<\/div>\n\n\n\n<div class=\"wp-block-column card-height card-mobile-width is-layout-flow wp-block-column-is-layout-flow\">\n<div class=\"wp-block-uagb-container card-height uagb-block-e7bd1499 alignfull uagb-is-root-container\"><div class=\"uagb-container-inner-blocks-wrap\">\n<div class=\"wp-block-uagb-container uagb-block-915b67a3 alignfull uagb-is-root-container\"><div class=\"uagb-container-inner-blocks-wrap\">\n<h2 class=\"wp-block-heading has-text-color has-link-color wp-elements-de632d60a2a0f63dc8d34126e049bb50\" style=\"color:#003f74;margin-top:0;margin-right:0;margin-bottom:0;margin-left:0;font-size:14px\">API service<\/h2>\n\n\n\n<div class=\"wp-block-group prix-ht-auto is-layout-constrained wp-block-group-is-layout-constrained\">\n<h2 class=\"wp-block-heading plus-jakarta-sans has-text-color has-link-color wp-elements-9ae9a081a4cf500430a67be82cdb4218\" style=\"color:#003f74;margin-top:0;margin-right:0;margin-bottom:0;margin-left:0;font-size:clamp(17.371px, 1.086rem + ((1vw - 3.2px) * 0.752), 27px);\">2,40\u20ac HT<span style=\"font-size: 12px; font-weight: normal;\">\/ month per indicator<\/span><\/h2>\n\n\n\n<p class=\"plus-jakarta-sans has-text-color has-link-color wp-elements-b45a38f1071d17abd667c60dffd94cd2\" style=\"color:#003f74;font-size:14px\"><span style=\"font-weight: 300;font-size: 12px;\">or<\/span> <strong class=\"prix-ttc-auto\">2.4\u20ac TTC *<\/strong><\/p>\n<\/div>\n\n\n<style>.wp-block-kadence-spacer.kt-block-spacer-13710_7ec48b-f8 .kt-block-spacer{height:6px;}.wp-block-kadence-spacer.kt-block-spacer-13710_7ec48b-f8 .kt-divider{border-top-width:2px;border-top-color:#003f74;width:100%;border-top-style:solid;}<\/style>\n<div class=\"wp-block-kadence-spacer aligncenter kt-block-spacer-13710_7ec48b-f8\"><div class=\"kt-block-spacer kt-block-spacer-halign-center\"><hr class=\"kt-divider\"\/><\/div><\/div>\n\n\n\n<div class=\"wp-block-uagb-icon-list uagb-block-fbc89ac4 icon_list\"><div class=\"uagb-icon-list__wrap\">\n<div class=\"wp-block-uagb-icon-list-child uagb-block-10685769\"><a target=\"_self\" aria-label=\"Please note that this service does not provide access to CNR tools (indexation simulator, indicator comparison, etc.).\u00a0\" rel=\"noopener noreferrer\" href=\"#\"> <\/a><span class=\"uagb-icon-list__source-wrap\"><img decoding=\"async\" class=\"uagb-icon-list__source-image\"  loading=\"lazy\" src=\"https:\/\/cnr.v2.mila.celaneo.com\/app\/uploads\/2025\/06\/warning-icon.png\" width=\"18\" height=\"17\" alt=\"\"\/><\/span><span class=\"uagb-icon-list__label\">Please note that this service does not provide access to CNR tools (indexation simulator, indicator comparison, etc.).\u00a0<\/span><\/div>\n\n\n\n<div class=\"wp-block-uagb-icon-list-child uagb-block-53afd953\"><span class=\"uagb-icon-list__source-wrap\"><img decoding=\"async\" class=\"uagb-icon-list__source-image\"  loading=\"lazy\" src=\"https:\/\/cnr.v2.mila.celaneo.com\/app\/uploads\/2025\/06\/check-green.png\" width=\"18\" height=\"18\" alt=\"\"\/><\/span><span class=\"uagb-icon-list__label\">Service enabling your IT systems (TMS, invoicing software, etc.) to access CNR data directly via a specific protocol.\u00a0<\/span><\/div>\n\n\n\n<div class=\"wp-block-uagb-icon-list-child uagb-block-40866a06\"><span class=\"uagb-icon-list__source-wrap\"><img decoding=\"async\" class=\"uagb-icon-list__source-image\"  loading=\"lazy\" src=\"https:\/\/cnr.v2.mila.celaneo.com\/app\/uploads\/2025\/06\/check-green.png\" width=\"18\" height=\"18\" alt=\"\"\/><\/span><span class=\"uagb-icon-list__label\">Payment made by direct debit only.<\/span><\/div>\n\n\n\n<div class=\"wp-block-uagb-icon-list-child uagb-block-9adc02c7\"><span class=\"uagb-icon-list__source-wrap\"><img decoding=\"async\" class=\"uagb-icon-list__source-image\"  loading=\"lazy\" src=\"https:\/\/cnr.v2.mila.celaneo.com\/app\/uploads\/2025\/06\/check-green.png\" width=\"18\" height=\"18\" alt=\"\"\/><\/span><span class=\"uagb-icon-list__label\">Billing is done on a calendar month basis.<\/span><\/div>\n<\/div><\/div>\n<\/div><\/div>\n\n\n\n<div class=\"wp-block-uagb-container uagb-block-d2c7ee5a alignfull uagb-is-root-container\"><div class=\"uagb-container-inner-blocks-wrap\">\n<div class=\"wp-block-uagb-buttons uagb-buttons__outer-wrap uagb-btn__default-btn uagb-btn-tablet__default-btn uagb-btn-mobile__default-btn uagb-block-d03ff206\"><div class=\"uagb-buttons__wrap uagb-buttons-layout-wrap\">\n<div class=\"wp-block-uagb-buttons-child uagb-buttons__outer-wrap uagb-block-7fbacc91 wp-block-button\"><div class=\"uagb-button__wrapper\"><a class=\"uagb-buttons-repeater wp-block-button__link\" aria-label=\"\" href=\"\/en\/abonnement-api\/\" rel=\"follow noopener\" target=\"_self\" role=\"button\"><div class=\"uagb-button__link\">I order my API<\/div><\/a><\/div><\/div>\n<\/div><\/div>\n<\/div><\/div>\n<\/div><\/div>\n<\/div>\n<\/div>\n\n\n\n<p class=\"has-text-align-center plus-jakarta-sans card-mobile-width margin_bottom_8 has-text-color has-link-color wp-elements-4febcc6f16f8592191e3b3288a600527\" style=\"color:#697281;font-size:clamp(14px, 0.875rem + ((1vw - 3.2px) * 0.156), 16px);font-style:normal;font-weight:400\"><span style=\"color:#00247D;\"><strong>*<\/strong><\/span> TVA au taux en vigueur selon la l\u00e9gislation fran\u00e7aise<\/p>\n<\/div><\/div>\n<\/div><\/div>\n<\/div><\/div>","protected":false},"excerpt":{"rendered":"<p>Mon compte Connectez-vous Attention : suite \u00e0 la mise en ligne du nouveau site du CNR, votre identifiant utilis\u00e9 sur l\u2019ancien site reste valide mais vous devez r\u00e9initialiser votre mot de passe en cliquant ici. Pas encore inscrit ? Nos formules Plusieurs formules sont propos\u00e9es. Abonnez-vous d\u00e8s maintenant et acc\u00e9der \u00e0 toutes les fonctionnalit\u00e9s avanc\u00e9es [&hellip;]<\/p>","protected":false},"author":2,"featured_media":0,"parent":0,"menu_order":0,"comment_status":"closed","ping_status":"closed","template":"","meta":{"_uag_custom_page_level_css":"","footnotes":""},"class_list":["post-13710","page","type-page","status-publish","hentry"],"blocksy_meta":{"has_hero_section":"disabled","styles_descriptor":{"styles":{"desktop":"","tablet":"","mobile":""},"google_fonts":[],"version":6}},"uagb_featured_image_src":{"full":false,"thumbnail":false,"medium":false,"medium_large":false,"large":false,"1536x1536":false,"2048x2048":false,"trp-custom-language-flag":false},"uagb_author_info":{"display_name":"celaneo","author_link":"https:\/\/cnr.v2.mila.celaneo.com\/en\/archives\/author\/celaneo"},"uagb_comment_info":0,"uagb_excerpt":"Mon compte Connectez-vous Attention : suite \u00e0 la mise en ligne du nouveau site du CNR, votre identifiant utilis\u00e9 sur l\u2019ancien site reste valide mais vous devez r\u00e9initialiser votre mot de passe en cliquant ici. Pas encore inscrit ? Nos formules Plusieurs formules sont propos\u00e9es. Abonnez-vous d\u00e8s maintenant et acc\u00e9der \u00e0 toutes les fonctionnalit\u00e9s avanc\u00e9es&hellip;","_links":{"self":[{"href":"https:\/\/cnr.v2.mila.celaneo.com\/en\/wp-json\/wp\/v2\/pages\/13710","targetHints":{"allow":["GET"]}}],"collection":[{"href":"https:\/\/cnr.v2.mila.celaneo.com\/en\/wp-json\/wp\/v2\/pages"}],"about":[{"href":"https:\/\/cnr.v2.mila.celaneo.com\/en\/wp-json\/wp\/v2\/types\/page"}],"author":[{"embeddable":true,"href":"https:\/\/cnr.v2.mila.celaneo.com\/en\/wp-json\/wp\/v2\/users\/2"}],"replies":[{"embeddable":true,"href":"https:\/\/cnr.v2.mila.celaneo.com\/en\/wp-json\/wp\/v2\/comments?post=13710"}],"version-history":[{"count":91,"href":"https:\/\/cnr.v2.mila.celaneo.com\/en\/wp-json\/wp\/v2\/pages\/13710\/revisions"}],"predecessor-version":[{"id":23833,"href":"https:\/\/cnr.v2.mila.celaneo.com\/en\/wp-json\/wp\/v2\/pages\/13710\/revisions\/23833"}],"wp:attachment":[{"href":"https:\/\/cnr.v2.mila.celaneo.com\/en\/wp-json\/wp\/v2\/media?parent=13710"}],"curies":[{"name":"wp","href":"https:\/\/api.w.org\/{rel}","templated":true}]}}