{"id":13182,"date":"2025-07-09T10:45:11","date_gmt":"2025-07-09T10:45:11","guid":{"rendered":"https:\/\/cnr.v2.mila.celaneo.com\/?page_id=13182"},"modified":"2025-11-21T14:23:18","modified_gmt":"2025-11-21T14:23:18","slug":"simulateur-trinome","status":"publish","type":"page","link":"https:\/\/cnr.v2.mila.celaneo.com\/en\/simulateur-trinome","title":{"rendered":"Trinome Simulator"},"content":{"rendered":"<div class=\"wp-block-uagb-container banner uagb-block-4546ffde alignfull uagb-is-root-container\"><div class=\"uagb-container-inner-blocks-wrap\">\n<div class=\"wp-block-group is-layout-constrained wp-container-core-group-is-layout-3e13aa90 wp-block-group-is-layout-constrained\" style=\"margin-top:0px;margin-bottom:0px;padding-top:0px;padding-right:0;padding-bottom:0px;padding-left:0\"><!-- Pas une page WordPress -->\n\n\n\n<div class=\"wp-block-uagb-advanced-heading uagb-block-e4123a3c banner_title\"><h2 class=\"uagb-heading-text\">Trinomial simulator<\/h2><\/div>\n<\/div>\n<\/div><\/div>\n\n\n\n<div id=\"FormuleTrinome\" class=\"wp-block-uagb-container uagb-block-ce67653e alignfull uagb-is-root-container\"><div class=\"uagb-container-inner-blocks-wrap\">\n<div class=\"wp-block-group is-layout-constrained wp-container-core-group-is-layout-639b5052 wp-block-group-is-layout-constrained\" style=\"padding-top:0;padding-right:0;padding-bottom:0;padding-left:0\">\n<div class=\"wp-block-cnr-blocks-formule-trinome\"><style>\n                    .formule-trinome-unit-price, .formule-trinome-price, .formule-trinome-result, .formule-trinome-body-total-container {\n                        background-color: #626262;\n                        color: #ffffff;\n                        font-size: 14px;\n                        font-weight: bold;\n                        font-family: Oxygen;\n                    }\n                    \n                    .formule-trinome-label .formule-trinome-label-title{\n                        font-size: 13px;\n                        font-weight: bold;\n                        font-family: Oxygen;\n                        color: #003F74;\n                    }\n\n                    .formule-trinome-label .formule-trinome-label-description{\n                        font-size: 11px;\n                        font-weight: regular;\n                        font-family: Oxygen;\n                        color: #003F74;\n                    }\n                    \n                    .cnr-space-selector {\n                        width: fit-content;\n                        border: none !important;\n                        border-radius: 4px;\n                        background-color: transparent;\n                    }\n                    \n                    .formule-trinome-list-container{\n                        display: none;\n                        margin-top: 24px;\n                    }\n\n                    .formule-trinome-list-title, .formule-trinome-list-descriptions{\n                        font-size: 16px;\n                        font-family: Arial;\n                        color: #353535;\n                    }\n                    \n                    .infobulle-trigger{\n                        display: inline-block;\n                        width: 16px;\n                        height: 16px;\n                        line-height: 16px;\n                        text-align: center;\n                        color: white;\n                        background-color: #007cba;\n                        border-radius: 50%;\n                        font-size: 10px;\n                        font-weight: bold;\n                        cursor: pointer;\n                        margin-left: 5px;\n                        position: relative;\n                    }\n                    \n                    .formule-trinome-info-bulle{\n                        display: none;\n                        position: absolute;\n                        background: #333;\n                        color: white;\n                        padding: 8px 12px;\n                        border-radius: 4px;\n                        font-size: 12px;\n                        max-width: 200px;\n                        z-index: 1000;\n                        box-shadow: 0 2px 8px rgba(0,0,0,0.3);\n                        white-space: normal;\n                        word-wrap: break-word;\n                    }\n                    \n                    .formule-trinome-info-bulle::before{\n                        content: '';\n                        position: absolute;\n                        top: -5px;\n                        left: 10px;\n                        width: 0;\n                        height: 0;\n                        border-left: 5px solid transparent;\n                        border-right: 5px solid transparent;\n                        border-bottom: 5px solid #333;\n                    }\n                    \n                    .infobulle-trigger:hover .formule-trinome-info-bulle{\n                        display: block !important;\n                    }\n                    \n                    .formule-trinome-info-bulle:not(:hover) {\n                        display: none !important;\n                    }\n                    \n                    .infobulle-trigger:not(:hover) .formule-trinome-info-bulle {\n                        display: none !important;\n                    }\n\n                    .formule-trinome-list-descriptions ul{\n                        list-style-type: disc;\n                        padding-left: 30px;\n                    }\n                <\/style><div class=\"formule-trinome-container\" data-use-cpt=\"true\" data-selected-cpt-space=\"Longue distance ensemble articul\u00e9 &#8211; Gaz naturel liqu\u00e9fi\u00e9 (GNL)\" data-selected-index=\"1\" data-selected-formule-id=\"20547\" data-mode-espace=\"true\" data-autres-couts=\"{&quot;label&quot;:&quot;Autres co\u00fbts&quot;,&quot;subLabel&quot;:&quot;Autres couts non inclus dans les termes renseign\u00e9s&quot;,&quot;infobulle&quot;:&quot;&quot;,&quot;value&quot;:0,&quot;result&quot;:0}\" data-show-other-cost=\"true\" data-currency=\"\u20ac\" data-infounder-input=\"false\" data-short-title=\"true\" data-show-list=\"false\" data-last-update=\"novembre 2025\" data-header-bg=\"#626262\" data-header-color=\"#ffffff\" data-header-font-size=\"14\" data-header-font-weight=\"bold\" data-header-font-family=\"Oxygen\" data-label-font-size=\"13\" data-label-font-weight=\"bold\" data-label-font-family=\"Oxygen\" data-label-color=\"#003F74\" data-description-font-size=\"11\" data-description-font-weight=\"regular\" data-description-font-family=\"Oxygen\" data-description-color=\"#003F74\" data-list-font-size=\"16\" data-list-font-family=\"Arial\" data-list-color=\"#353535\"><div class=\"formule-trinome-loading\"><p>Loading data...<\/p><\/div><\/div><\/div>\n\n\n<p class=\"cnr-copyright\" style=\"font-family: 'Oxygen'; font-style: normal; font-weight: 400; font-size: 10px; line-height: 13px; color: #879296; margin: 0; text-align: right;\">\u00a9CNR 2025<\/p>\n\n\n<p class=\"description_formule_trinome has-text-color has-link-color wp-elements-cbe4a3c2067abe2209fec3d79227d447\" style=\"color:#353535;line-height:1.5\">The trinomial cost formula makes it easy to calculate the operating cost of a transport operation. The cost of a transport operation is equal to the sum of the following three products:<\/p>\n\n\n\n<ul style=\"color:#353535\" class=\"wp-block-list custom-list has-text-color has-link-color wp-elements-58019469376107c3c1e82ac79b973a70\">\n<li class=\"has-text-color has-link-color wp-elements-ded6387bf1e9544f2e5cf035ede52d18\" style=\"color:#353535\"><strong>kilometer term CK x total number of kilometers traveled<\/strong> for the transport operation (loaded journey, approach mileage, and empty return mileage to the company)<\/li>\n\n\n\n<li><strong>CC hourly term x number of hours of service required by the operation<\/strong> (driving + other times)<\/li>\n\n\n\n<li><strong>daily rate CJ x the number of days the vehicle is used for the transport operation <\/strong>(empty journey time included)<\/li>\n<\/ul>\n<\/div>\n<\/div><\/div>","protected":false},"excerpt":{"rendered":"<p>Simulateur trin\u00f4me La formule trin\u00f4me du prix de revient permet de calculer simplement le co\u00fbt d&#8217;exploitation d\u2019une op\u00e9ration de transport. Le co\u00fbt d&#8217;une op\u00e9ration de transport est \u00e9gal \u00e0 la somme des trois produits suivants :<\/p>","protected":false},"author":2,"featured_media":0,"parent":0,"menu_order":0,"comment_status":"closed","ping_status":"closed","template":"","meta":{"_uag_custom_page_level_css":"","footnotes":""},"class_list":["post-13182","page","type-page","status-publish","hentry"],"blocksy_meta":{"has_hero_section":"disabled","styles_descriptor":{"styles":{"desktop":"","tablet":"","mobile":""},"google_fonts":[],"version":6}},"uagb_featured_image_src":{"full":false,"thumbnail":false,"medium":false,"medium_large":false,"large":false,"1536x1536":false,"2048x2048":false,"trp-custom-language-flag":false},"uagb_author_info":{"display_name":"celaneo","author_link":"https:\/\/cnr.v2.mila.celaneo.com\/en\/archives\/author\/celaneo"},"uagb_comment_info":0,"uagb_excerpt":"Simulateur trin\u00f4me La formule trin\u00f4me du prix de revient permet de calculer simplement le co\u00fbt d&#8217;exploitation d\u2019une op\u00e9ration de transport. Le co\u00fbt d&#8217;une op\u00e9ration de transport est \u00e9gal \u00e0 la somme des trois produits suivants :","_links":{"self":[{"href":"https:\/\/cnr.v2.mila.celaneo.com\/en\/wp-json\/wp\/v2\/pages\/13182","targetHints":{"allow":["GET"]}}],"collection":[{"href":"https:\/\/cnr.v2.mila.celaneo.com\/en\/wp-json\/wp\/v2\/pages"}],"about":[{"href":"https:\/\/cnr.v2.mila.celaneo.com\/en\/wp-json\/wp\/v2\/types\/page"}],"author":[{"embeddable":true,"href":"https:\/\/cnr.v2.mila.celaneo.com\/en\/wp-json\/wp\/v2\/users\/2"}],"replies":[{"embeddable":true,"href":"https:\/\/cnr.v2.mila.celaneo.com\/en\/wp-json\/wp\/v2\/comments?post=13182"}],"version-history":[{"count":65,"href":"https:\/\/cnr.v2.mila.celaneo.com\/en\/wp-json\/wp\/v2\/pages\/13182\/revisions"}],"predecessor-version":[{"id":22426,"href":"https:\/\/cnr.v2.mila.celaneo.com\/en\/wp-json\/wp\/v2\/pages\/13182\/revisions\/22426"}],"wp:attachment":[{"href":"https:\/\/cnr.v2.mila.celaneo.com\/en\/wp-json\/wp\/v2\/media?parent=13182"}],"curies":[{"name":"wp","href":"https:\/\/api.w.org\/{rel}","templated":true}]}}