{"id":13146,"date":"2025-07-09T09:10:34","date_gmt":"2025-07-09T09:10:34","guid":{"rendered":"https:\/\/cnr.v2.mila.celaneo.com\/?page_id=13146"},"modified":"2025-11-04T08:00:41","modified_gmt":"2025-11-04T08:00:41","slug":"credits","status":"publish","type":"page","link":"https:\/\/cnr.v2.mila.celaneo.com\/en\/credits","title":{"rendered":"Credits"},"content":{"rendered":"<div class=\"wp-block-uagb-container banner uagb-block-348a0325 alignfull uagb-is-root-container\"><div class=\"uagb-container-inner-blocks-wrap\">\n<div class=\"wp-block-group is-content-justification-center is-layout-constrained wp-container-core-group-is-layout-7772ce00 wp-block-group-is-layout-constrained\" style=\"margin-top:0px;margin-bottom:0px;padding-top:0;padding-right:0;padding-bottom:0;padding-left:0\"><!-- Pas une page WordPress -->\n\n\n\n<div class=\"wp-block-uagb-advanced-heading uagb-block-916d78d0 banner_title\"><h2 class=\"uagb-heading-text\"><strong>Credits<\/strong><\/h2><\/div>\n<\/div>\n<\/div><\/div>\n\n\n\n<div id=\"editeur_site_bloc\" class=\"wp-block-uagb-container uagb-block-30d993f3 alignfull uagb-is-root-container\"><div class=\"uagb-container-inner-blocks-wrap\">\n<div class=\"wp-block-uagb-container uagb-block-1e8eb8ba\">\n<div class=\"wp-block-uagb-container d-block f-manjary uagb-block-5cfadb9e\">\n<p>This site is&nbsp;<strong>CNR property&nbsp;<\/strong>who entrusted its development to the agency&nbsp;<a href=\"http:\/\/www.celaneo.com\/\">CELANEO<\/a>.<\/p>\n\n\n\n<p style=\"margin-bottom:0px\"><strong>Project manager :<\/strong><br>Benjamin L\u00e9o \/ CNR<\/p>\n<\/div>\n<\/div>\n<\/div><\/div>","protected":false},"excerpt":{"rendered":"<p>Cr\u00e9dits Ce site est&nbsp;la propri\u00e9t\u00e9 du CNR&nbsp;qui a confi\u00e9 son d\u00e9veloppement l&#8217;agence&nbsp;CELANEO. Chef de projet :Benjamin L\u00e9o \/ CNR<\/p>","protected":false},"author":2,"featured_media":0,"parent":0,"menu_order":0,"comment_status":"closed","ping_status":"closed","template":"","meta":{"_uag_custom_page_level_css":"","footnotes":""},"class_list":["post-13146","page","type-page","status-publish","hentry"],"blocksy_meta":{"has_hero_section":"disabled","styles_descriptor":{"styles":{"desktop":"","tablet":"","mobile":""},"google_fonts":[],"version":6},"hero_elements":[{"id":"custom_title","enabled":true,"heading_tag":"h1","title":"Home","__id":"44nu4hANnTiWbFXt1eVG1"},{"id":"custom_description","enabled":true,"description_visibility":{"desktop":true,"tablet":true,"mobile":false},"__id":"Xekds5U2E-UK-P0xybQes"},{"id":"custom_meta","enabled":false,"meta_elements":[{"id":"author","enabled":true,"label":"By","has_author_avatar":"yes","avatar_size":25},{"id":"post_date","enabled":true,"label":"On","date_format_source":"default","date_format":"M j, Y"},{"id":"updated_date","enabled":false,"label":"On","date_format_source":"default","date_format":"M j, Y"},{"id":"categories","enabled":false,"label":"In","style":"simple"},{"id":"comments","enabled":true}],"page_meta_elements":{"joined":true,"articles_count":true,"comments":true},"__id":"3q2G7FZea3MMyX9WtZ81C"},{"id":"breadcrumbs","enabled":false,"__id":"74weIEuaCIg92VUsHyhBE"}],"hero_margin":"0px","hero_alignment1":"left"},"uagb_featured_image_src":{"full":false,"thumbnail":false,"medium":false,"medium_large":false,"large":false,"1536x1536":false,"2048x2048":false,"trp-custom-language-flag":false},"uagb_author_info":{"display_name":"celaneo","author_link":"https:\/\/cnr.v2.mila.celaneo.com\/en\/archives\/author\/celaneo"},"uagb_comment_info":0,"uagb_excerpt":"Cr\u00e9dits Ce site est&nbsp;la propri\u00e9t\u00e9 du CNR&nbsp;qui a confi\u00e9 son d\u00e9veloppement l&#8217;agence&nbsp;CELANEO. Chef de projet :Benjamin L\u00e9o \/ CNR","_links":{"self":[{"href":"https:\/\/cnr.v2.mila.celaneo.com\/en\/wp-json\/wp\/v2\/pages\/13146","targetHints":{"allow":["GET"]}}],"collection":[{"href":"https:\/\/cnr.v2.mila.celaneo.com\/en\/wp-json\/wp\/v2\/pages"}],"about":[{"href":"https:\/\/cnr.v2.mila.celaneo.com\/en\/wp-json\/wp\/v2\/types\/page"}],"author":[{"embeddable":true,"href":"https:\/\/cnr.v2.mila.celaneo.com\/en\/wp-json\/wp\/v2\/users\/2"}],"replies":[{"embeddable":true,"href":"https:\/\/cnr.v2.mila.celaneo.com\/en\/wp-json\/wp\/v2\/comments?post=13146"}],"version-history":[{"count":8,"href":"https:\/\/cnr.v2.mila.celaneo.com\/en\/wp-json\/wp\/v2\/pages\/13146\/revisions"}],"predecessor-version":[{"id":21034,"href":"https:\/\/cnr.v2.mila.celaneo.com\/en\/wp-json\/wp\/v2\/pages\/13146\/revisions\/21034"}],"wp:attachment":[{"href":"https:\/\/cnr.v2.mila.celaneo.com\/en\/wp-json\/wp\/v2\/media?parent=13146"}],"curies":[{"name":"wp","href":"https:\/\/api.w.org\/{rel}","templated":true}]}}