{"id":13110,"date":"2025-07-09T07:53:03","date_gmt":"2025-07-09T07:53:03","guid":{"rendered":"https:\/\/cnr.v2.mila.celaneo.com\/?page_id=13110"},"modified":"2026-01-29T12:40:29","modified_gmt":"2026-01-29T12:40:29","slug":"mentions-legales","status":"publish","type":"page","link":"https:\/\/cnr.v2.mila.celaneo.com\/en\/mentions-legales","title":{"rendered":"Legal Notices\u00a0"},"content":{"rendered":"<div class=\"wp-block-uagb-container banner uagb-block-348a0325 alignfull uagb-is-root-container\"><div class=\"uagb-container-inner-blocks-wrap\">\n<div class=\"wp-block-group is-content-justification-center is-layout-constrained wp-container-core-group-is-layout-7772ce00 wp-block-group-is-layout-constrained\" style=\"margin-top:0px;margin-bottom:0px;padding-top:0;padding-right:0;padding-bottom:0;padding-left:0\"><!-- Pas une page WordPress -->\n\n\n\n<div class=\"wp-block-uagb-advanced-heading uagb-block-916d78d0 banner_title\"><h2 class=\"uagb-heading-text\"><strong>Legal notices of the CNR.FR website<\/strong><\/h2><\/div>\n\n\n\n<div class=\"uagb-position__sticky wp-block-uagb-container sticky_tabs uagb-block-842c228a alignfull uagb-is-root-container\"><div class=\"uagb-container-inner-blocks-wrap\">\n<div class=\"wp-block-uagb-container hero_tabs uagb-layout-flex uagb-block-61f9c19f default uagb-is-root-container\">\n<div class=\"wp-block-uagb-container uagb-block-998ae430\">\n<div class=\"wp-block-buttons is-content-justification-center is-nowrap is-layout-flex wp-container-core-buttons-is-layout-23441af8 wp-block-buttons-is-layout-flex\">\n<div class=\"wp-block-button tab-bouton\"><a class=\"wp-block-button__link has-background wp-element-button\" href=\"#editeur_site_bloc\" style=\"background-color:#ffffff00\">Site editor<\/a><\/div>\n<\/div>\n<\/div>\n\n\n\n<div class=\"wp-block-uagb-container uagb-block-e8f494c5\">\n<div class=\"wp-block-buttons is-content-justification-center is-layout-flex wp-container-core-buttons-is-layout-a89b3969 wp-block-buttons-is-layout-flex\">\n<div class=\"wp-block-button tab-bouton\"><a class=\"wp-block-button__link has-background wp-element-button\" href=\"#site_bloc\" style=\"background-color:#ffffff00\"><strong>Site host<\/strong><\/a><\/div>\n<\/div>\n<\/div>\n<\/div>\n<\/div><\/div>\n<\/div>\n<\/div><\/div>\n\n\n\n<div id=\"editeur_site_bloc\" class=\"wp-block-uagb-container uagb-block-30d993f3 alignfull uagb-is-root-container\"><div class=\"uagb-container-inner-blocks-wrap\">\n<div class=\"wp-block-uagb-container uagb-block-1e8eb8ba\">\n<div class=\"wp-block-uagb-advanced-heading uagb-block-75d3a4cd\"><h3 class=\"uagb-heading-text\"><strong>Site editor<\/strong><\/h3><\/div>\n\n\n\n<div class=\"wp-block-uagb-container d-block f-manjary uagb-block-5cfadb9e\">\n<ul style=\"padding-left:0px\" class=\"wp-block-list\">\n<li>National Road Committee<\/li>\n\n\n\n<li>Comit\u00e9 professionnel de d\u00e9veloppement \u00e9conomique<\/li>\n\n\n\n<li>RCS Paris : 775 666 183<\/li>\n\n\n\n<li>Head office: 8, villa Bosquet - 75007 Paris<\/li>\n\n\n\n<li>Telephone: +33 (0)1 53 59 12 72<\/li>\n\n\n\n<li>Directeur de publication : le Pr\u00e9sident du CNR (Monsieur Jean-Pierre Sancier \u00e0 date)<\/li>\n<\/ul>\n<\/div>\n<\/div>\n<\/div><\/div>\n\n\n\n<div id=\"site_bloc\" class=\"wp-block-uagb-container uagb-block-4e8ccdf7 alignfull uagb-is-root-container\"><div class=\"uagb-container-inner-blocks-wrap\">\n<div class=\"wp-block-uagb-container uagb-block-91f3c2a3\">\n<div class=\"wp-block-uagb-advanced-heading uagb-block-df205dda\"><h3 class=\"uagb-heading-text\"><strong>Site host<\/strong><\/h3><\/div>\n\n\n\n<div class=\"wp-block-uagb-container d-block f-manjary uagb-block-591eb0c4\">\n<ul style=\"margin-left:0px;padding-left:0px\" class=\"wp-block-list\">\n<li>Scaleway<\/li>\n\n\n\n<li>RCS Paris\u00a0: 433 115 904<\/li>\n\n\n\n<li>Head office: 8 rue de la ville l'\u00e9v\u00eaque - 75008 Paris<\/li>\n\n\n\n<li>Telephone: +33 (0)1 84 13 00 00<\/li>\n<\/ul>\n\n\n\n<p style=\"margin-bottom:0px\"><a href=\"https:\/\/cnr.v2.mila.celaneo.com\/en\/conditions-generales-dutilisation\/\" data-type=\"page\" data-id=\"13150\"><a href=\"https:\/\/www.cnr.fr\/cgu\">Conditions g\u00e9n\u00e9rales d&#8217;utilisation du site www.cnr.fr<\/a><\/a><\/p>\n\n\n\n<p style=\"margin-bottom:0px\"><a href=\"https:\/\/cnr.v2.mila.celaneo.com\/en\/conditions-generales-de-vente\/\" data-type=\"page\" data-id=\"13217\"><a href=\"https:\/\/www.cnr.fr\/cgv\">Conditions g\u00e9n\u00e9rales de vente du site www.cnr.fr<\/a><\/a><\/p>\n<\/div>\n<\/div>\n<\/div><\/div>","protected":false},"excerpt":{"rendered":"<p>Mentions l\u00e9gales du site CNR.FR Editeur du site H\u00e9bergeur du site Conditions g\u00e9n\u00e9rales d&#8217;utilisation du site www.cnr.fr Conditions g\u00e9n\u00e9rales de vente du site www.cnr.fr<\/p>","protected":false},"author":2,"featured_media":0,"parent":0,"menu_order":0,"comment_status":"closed","ping_status":"closed","template":"","meta":{"_uag_custom_page_level_css":"","footnotes":""},"class_list":["post-13110","page","type-page","status-publish","hentry"],"blocksy_meta":{"has_hero_section":"disabled","styles_descriptor":{"styles":{"desktop":"","tablet":"","mobile":""},"google_fonts":[],"version":6},"hero_elements":[{"id":"custom_title","enabled":true,"heading_tag":"h1","title":"Home","__id":"44nu4hANnTiWbFXt1eVG1"},{"id":"custom_description","enabled":true,"description_visibility":{"desktop":true,"tablet":true,"mobile":false},"__id":"Xekds5U2E-UK-P0xybQes"},{"id":"custom_meta","enabled":false,"meta_elements":[{"id":"author","enabled":true,"label":"By","has_author_avatar":"yes","avatar_size":25},{"id":"post_date","enabled":true,"label":"On","date_format_source":"default","date_format":"M j, Y"},{"id":"updated_date","enabled":false,"label":"On","date_format_source":"default","date_format":"M j, Y"},{"id":"categories","enabled":false,"label":"In","style":"simple"},{"id":"comments","enabled":true}],"page_meta_elements":{"joined":true,"articles_count":true,"comments":true},"__id":"3q2G7FZea3MMyX9WtZ81C"},{"id":"breadcrumbs","enabled":false,"__id":"74weIEuaCIg92VUsHyhBE"}],"hero_margin":"0px","hero_alignment1":"left"},"uagb_featured_image_src":{"full":false,"thumbnail":false,"medium":false,"medium_large":false,"large":false,"1536x1536":false,"2048x2048":false,"trp-custom-language-flag":false},"uagb_author_info":{"display_name":"celaneo","author_link":"https:\/\/cnr.v2.mila.celaneo.com\/en\/archives\/author\/celaneo"},"uagb_comment_info":0,"uagb_excerpt":"Mentions l\u00e9gales du site CNR.FR Editeur du site H\u00e9bergeur du site Conditions g\u00e9n\u00e9rales d&#8217;utilisation du site www.cnr.fr Conditions g\u00e9n\u00e9rales de vente du site www.cnr.fr","_links":{"self":[{"href":"https:\/\/cnr.v2.mila.celaneo.com\/en\/wp-json\/wp\/v2\/pages\/13110","targetHints":{"allow":["GET"]}}],"collection":[{"href":"https:\/\/cnr.v2.mila.celaneo.com\/en\/wp-json\/wp\/v2\/pages"}],"about":[{"href":"https:\/\/cnr.v2.mila.celaneo.com\/en\/wp-json\/wp\/v2\/types\/page"}],"author":[{"embeddable":true,"href":"https:\/\/cnr.v2.mila.celaneo.com\/en\/wp-json\/wp\/v2\/users\/2"}],"replies":[{"embeddable":true,"href":"https:\/\/cnr.v2.mila.celaneo.com\/en\/wp-json\/wp\/v2\/comments?post=13110"}],"version-history":[{"count":20,"href":"https:\/\/cnr.v2.mila.celaneo.com\/en\/wp-json\/wp\/v2\/pages\/13110\/revisions"}],"predecessor-version":[{"id":23480,"href":"https:\/\/cnr.v2.mila.celaneo.com\/en\/wp-json\/wp\/v2\/pages\/13110\/revisions\/23480"}],"wp:attachment":[{"href":"https:\/\/cnr.v2.mila.celaneo.com\/en\/wp-json\/wp\/v2\/media?parent=13110"}],"curies":[{"name":"wp","href":"https:\/\/api.w.org\/{rel}","templated":true}]}}